{"id":321,"date":"2025-10-26T00:28:16","date_gmt":"2025-10-25T22:28:16","guid":{"rendered":"https:\/\/www.cafouci.fr\/panneau-vendeur\/"},"modified":"2025-10-29T12:01:00","modified_gmt":"2025-10-29T10:01:00","slug":"panneau-vendeur","status":"publish","type":"page","link":"https:\/\/www.cafouci.fr\/en\/panneau-vendeur\/","title":{"rendered":"Vendeur Dashboard"},"content":{"rendered":"<div class=\"guest_permmission_denied\">\n    <p class=\"guest_permmission_denied_message\">Il semble que vous essayez d'acc\u00e9der au tableau de bord des vendeurs. Cette fonctionnalit\u00e9 est exclusivement r\u00e9serv\u00e9e aux vendeurs enregistr\u00e9s.\r\n\r\nRejoignez notre march\u00e9 et commencez \u00e0 vendre vos produits \u00e0 un large public. Cliquez sur le lien ci-dessous pour vous inscrire et devenir vendeur d\u00e8s aujourd'hui !<\/p>\n    <a class=\"button\" href=\"https:\/\/www.cafouci.fr\/en\/my-account\/\">S&#039;inscrire en tant que vendeur<\/a>\n<\/div>","protected":false},"excerpt":{"rendered":"","protected":false},"author":1,"featured_media":0,"parent":0,"menu_order":0,"comment_status":"closed","ping_status":"closed","template":"","meta":{"footnotes":""},"class_list":["post-321","page","type-page","status-publish","hentry"],"blocksy_meta":[],"jetpack_sharing_enabled":true,"_links":{"self":[{"href":"https:\/\/www.cafouci.fr\/en\/wp-json\/wp\/v2\/pages\/321","targetHints":{"allow":["GET"]}}],"collection":[{"href":"https:\/\/www.cafouci.fr\/en\/wp-json\/wp\/v2\/pages"}],"about":[{"href":"https:\/\/www.cafouci.fr\/en\/wp-json\/wp\/v2\/types\/page"}],"author":[{"embeddable":true,"href":"https:\/\/www.cafouci.fr\/en\/wp-json\/wp\/v2\/users\/1"}],"replies":[{"embeddable":true,"href":"https:\/\/www.cafouci.fr\/en\/wp-json\/wp\/v2\/comments?post=321"}],"version-history":[{"count":1,"href":"https:\/\/www.cafouci.fr\/en\/wp-json\/wp\/v2\/pages\/321\/revisions"}],"predecessor-version":[{"id":388,"href":"https:\/\/www.cafouci.fr\/en\/wp-json\/wp\/v2\/pages\/321\/revisions\/388"}],"wp:attachment":[{"href":"https:\/\/www.cafouci.fr\/en\/wp-json\/wp\/v2\/media?parent=321"}],"curies":[{"name":"wp","href":"https:\/\/api.w.org\/{rel}","templated":true}]}}