{"id":260,"date":"2025-10-25T00:05:16","date_gmt":"2025-10-24T22:05:16","guid":{"rendered":"https:\/\/www.cafouci.fr\/produit\/les-pansements-invisibles\/"},"modified":"2025-10-25T00:05:16","modified_gmt":"2025-10-24T22:05:16","slug":"les-pansements-invisibles","status":"publish","type":"product","link":"https:\/\/www.cafouci.fr\/en\/product\/les-pansements-invisibles\/","title":{"rendered":"Les pansements invisibles"},"content":{"rendered":"<p>Ce livre parle de ces petites douleurs que l\u2019on tait trop souvent.<br \/>\nCelles qui ne laissent ni bleus ni bosses mais qui s\u2019incrustent comme<br \/>\ndes \u00e9chardes dans l\u2019\u00e2me. Celles que l\u2019on enrobe de silence parce qu\u2019on<br \/>\nne sait pas comment les dire, ou parce qu\u2019on craint de ne pas \u00eatre<br \/>\nentendu. Car nous sommes nombreux \u00e0 avancer masqu\u00e9s, bard\u00e9s de ces<br \/>\npansements invisibles \u2013 ils n\u2019attirent pas l\u2019attention, mais ils sont<br \/>\nbien l\u00e0. Ce sont ces regards insistants, ces gestes non consentis, ces<br \/>\nsilences encaiss\u00e9s. Ce sont toutes ces fois o\u00f9 l\u2019on n\u2019a pas os\u00e9 dire<br \/>\nnon, parce qu\u2019on ne savait pas qu\u2019on en avait le droit. C\u2019est l\u00e0 que<br \/>\nl\u2019histoire commence\u2026 <br data-mce-bogus=\"1\"><\/p>","protected":false},"excerpt":{"rendered":"<h1 id=\"title\" class=\"a-spacing-none a-text-normal\"><span id=\"productTitle\" class=\"a-size-large celwidget\" data-csa-c-id=\"497lpd-av1m5j-6dwgzb-u09pb2\" data-cel-widget=\"productTitle\">Les pansements invisibles<\/span><\/h1>\n<p><br data-mce-bogus=\"1\"><\/p>","protected":false},"featured_media":259,"template":"","meta":[],"product_brand":[],"product_cat":[17,18],"product_tag":[],"class_list":{"0":"post-260","1":"product","2":"type-product","3":"status-publish","4":"has-post-thumbnail","6":"product_cat-livres","7":"product_cat-romans","9":"first","10":"instock","11":"shipping-taxable","12":"product-type-simple","13":"berocket_lgv_grid","14":"berocket_lgv_list_grid"},"jetpack_sharing_enabled":true,"_links":{"self":[{"href":"https:\/\/www.cafouci.fr\/en\/wp-json\/wp\/v2\/product\/260","targetHints":{"allow":["GET"]}}],"collection":[{"href":"https:\/\/www.cafouci.fr\/en\/wp-json\/wp\/v2\/product"}],"about":[{"href":"https:\/\/www.cafouci.fr\/en\/wp-json\/wp\/v2\/types\/product"}],"wp:featuredmedia":[{"embeddable":true,"href":"https:\/\/www.cafouci.fr\/en\/wp-json\/wp\/v2\/media\/259"}],"wp:attachment":[{"href":"https:\/\/www.cafouci.fr\/en\/wp-json\/wp\/v2\/media?parent=260"}],"wp:term":[{"taxonomy":"product_brand","embeddable":true,"href":"https:\/\/www.cafouci.fr\/en\/wp-json\/wp\/v2\/product_brand?post=260"},{"taxonomy":"product_cat","embeddable":true,"href":"https:\/\/www.cafouci.fr\/en\/wp-json\/wp\/v2\/product_cat?post=260"},{"taxonomy":"product_tag","embeddable":true,"href":"https:\/\/www.cafouci.fr\/en\/wp-json\/wp\/v2\/product_tag?post=260"}],"curies":[{"name":"wp","href":"https:\/\/api.w.org\/{rel}","templated":true}]}}