{"id":261,"date":"2025-10-25T00:07:51","date_gmt":"2025-10-24T22:07:51","guid":{"rendered":"https:\/\/www.cafouci.fr\/produit\/mi-vida\/"},"modified":"2025-10-25T00:09:24","modified_gmt":"2025-10-24T22:09:24","slug":"mi-vida","status":"publish","type":"product","link":"https:\/\/www.cafouci.fr\/en\/product\/mi-vida\/","title":{"rendered":"Mi vida"},"content":{"rendered":"<p>L\u2019\u00e9mission touche \u00e0 sa fin. Il reste peu de temps avant l\u2019annonce<br \/>du grand vainqueur. Alors, c\u2019est vers elle que je vais, c\u2019est \u00e0 elle, \u00e0<br \/>elle seule que je peux dire la v\u00e9rit\u00e9. Je lui prends la main \u00e0 l\u2019\u00e9cart<br \/>du plateau, autour de nous tout le monde s\u2019agite, c\u2019est la derni\u00e8re<br \/>coupure pub. Je m\u2019effondre dans ses bras \u201cMam\u00e0, je t\u2019en supplie, prie<br \/>pour que je ne gagne pas\u2026\u201d\u00a0\u00bb <br \/>Jusqu\u2019\u00e0 ses dix-sept ans, Kendji Girac<br \/>n\u2019a jamais voyag\u00e9 autrement qu\u2019en caravane ni r\u00eav\u00e9 d\u2019une autre vie que<br \/>la sienne. Le public et le destin en ont un jour d\u00e9cid\u00e9 autrement.<\/p>\n<p>D\u00e9couvert<br \/>dans The Voice (TF1) en 2014, il touche imm\u00e9diatement le c\u0153ur des<br \/>Fran\u00e7ais avec son large sourire, sa voix chaleureuse et sa guitare<br \/>entra\u00eenante. Mais un matin d\u2019avril 2024, apr\u00e8s dix ans d\u2019une carri\u00e8re<br \/>fulgurante, un drame fait la une des m\u00e9dias, r\u00e9v\u00e9lant un visage plus<br \/>fragile et tourment\u00e9 de l\u2019artiste. <br \/>Pour la premi\u00e8re fois, Kendji raconte sa vie, la vraie, loin des cam\u00e9ras.<\/p>","protected":false},"excerpt":{"rendered":"<h1 id=\"title\" class=\"a-spacing-none a-text-normal\"><span id=\"productTitle\" class=\"a-size-large celwidget\" data-csa-c-id=\"ud4m8j-ei93jc-pt7qy0-g019id\" data-cel-widget=\"productTitle\">Mi vida<\/span><\/h1>\n<p><\/p>","protected":false},"featured_media":262,"template":"","meta":[],"product_brand":[],"product_cat":[15,17],"product_tag":[],"class_list":{"0":"post-261","1":"product","2":"type-product","3":"status-publish","4":"has-post-thumbnail","6":"product_cat-autres","7":"product_cat-livres","9":"first","10":"instock","11":"shipping-taxable","12":"product-type-simple","13":"berocket_lgv_grid","14":"berocket_lgv_list_grid"},"jetpack_sharing_enabled":true,"_links":{"self":[{"href":"https:\/\/www.cafouci.fr\/en\/wp-json\/wp\/v2\/product\/261","targetHints":{"allow":["GET"]}}],"collection":[{"href":"https:\/\/www.cafouci.fr\/en\/wp-json\/wp\/v2\/product"}],"about":[{"href":"https:\/\/www.cafouci.fr\/en\/wp-json\/wp\/v2\/types\/product"}],"wp:featuredmedia":[{"embeddable":true,"href":"https:\/\/www.cafouci.fr\/en\/wp-json\/wp\/v2\/media\/262"}],"wp:attachment":[{"href":"https:\/\/www.cafouci.fr\/en\/wp-json\/wp\/v2\/media?parent=261"}],"wp:term":[{"taxonomy":"product_brand","embeddable":true,"href":"https:\/\/www.cafouci.fr\/en\/wp-json\/wp\/v2\/product_brand?post=261"},{"taxonomy":"product_cat","embeddable":true,"href":"https:\/\/www.cafouci.fr\/en\/wp-json\/wp\/v2\/product_cat?post=261"},{"taxonomy":"product_tag","embeddable":true,"href":"https:\/\/www.cafouci.fr\/en\/wp-json\/wp\/v2\/product_tag?post=261"}],"curies":[{"name":"wp","href":"https:\/\/api.w.org\/{rel}","templated":true}]}}