{"id":263,"date":"2025-10-25T00:13:20","date_gmt":"2025-10-24T22:13:20","guid":{"rendered":"https:\/\/www.cafouci.fr\/produit\/le-fil-de-lepee\/"},"modified":"2025-10-25T00:45:04","modified_gmt":"2025-10-24T22:45:04","slug":"le-fil-de-lepee","status":"publish","type":"product","link":"https:\/\/www.cafouci.fr\/en\/product\/le-fil-de-lepee\/","title":{"rendered":"Le fil de l&rsquo;\u00e9p\u00e9e"},"content":{"rendered":"<p>Publi\u00e9 en juillet 1932, <span class=\"a-text-italic\">Le Fil de l&rsquo;\u00e9p\u00e9e<\/span><br \/>est le premier livre d&rsquo;envergure publi\u00e9 par le commandant Charles de<br \/>Gaulle. \u0152uvre habit\u00e9e, anticonformiste, politique et litt\u00e9raire, elle<br \/>est aussi \u00a0\u00bb matrice d&rsquo;un destin \u00ab\u00a0. On y d\u00e9couvre les lignes de force<br \/>d&rsquo;une pens\u00e9e d\u00e9j\u00e0 tourn\u00e9e vers l&rsquo;action, hant\u00e9e par la grandeur et la<br \/>passion de la France.<\/p>","protected":false},"excerpt":{"rendered":"<h1 id=\"title\" class=\"a-spacing-none a-text-normal\"><span id=\"productTitle\" class=\"a-size-large celwidget\" data-csa-c-id=\"tg91kb-rs7vfs-iy1bo5-9f58x0\" data-cel-widget=\"productTitle\">Le fil de l&rsquo;\u00e9p\u00e9e<\/span><\/h1>\n<p><\/p>","protected":false},"featured_media":264,"template":"","meta":[],"product_brand":[],"product_cat":[21,17],"product_tag":[],"class_list":{"0":"post-263","1":"product","2":"type-product","3":"status-publish","4":"has-post-thumbnail","6":"product_cat-histoire","7":"product_cat-livres","9":"first","10":"instock","11":"shipping-taxable","12":"purchasable","13":"product-type-simple","14":"berocket_lgv_grid","15":"berocket_lgv_list_grid"},"jetpack_sharing_enabled":true,"_links":{"self":[{"href":"https:\/\/www.cafouci.fr\/en\/wp-json\/wp\/v2\/product\/263","targetHints":{"allow":["GET"]}}],"collection":[{"href":"https:\/\/www.cafouci.fr\/en\/wp-json\/wp\/v2\/product"}],"about":[{"href":"https:\/\/www.cafouci.fr\/en\/wp-json\/wp\/v2\/types\/product"}],"wp:featuredmedia":[{"embeddable":true,"href":"https:\/\/www.cafouci.fr\/en\/wp-json\/wp\/v2\/media\/264"}],"wp:attachment":[{"href":"https:\/\/www.cafouci.fr\/en\/wp-json\/wp\/v2\/media?parent=263"}],"wp:term":[{"taxonomy":"product_brand","embeddable":true,"href":"https:\/\/www.cafouci.fr\/en\/wp-json\/wp\/v2\/product_brand?post=263"},{"taxonomy":"product_cat","embeddable":true,"href":"https:\/\/www.cafouci.fr\/en\/wp-json\/wp\/v2\/product_cat?post=263"},{"taxonomy":"product_tag","embeddable":true,"href":"https:\/\/www.cafouci.fr\/en\/wp-json\/wp\/v2\/product_tag?post=263"}],"curies":[{"name":"wp","href":"https:\/\/api.w.org\/{rel}","templated":true}]}}