{"id":266,"date":"2025-10-25T00:16:27","date_gmt":"2025-10-24T22:16:27","guid":{"rendered":"https:\/\/www.cafouci.fr\/produit\/lecole-enchantee-de-raylambert\/"},"modified":"2025-10-26T23:50:48","modified_gmt":"2025-10-26T21:50:48","slug":"lecole-enchantee-de-raylambert","status":"publish","type":"product","link":"https:\/\/www.cafouci.fr\/en\/product\/lecole-enchantee-de-raylambert\/","title":{"rendered":"L&rsquo;\u00e9cole enchant\u00e9e de Raylambert"},"content":{"rendered":"<p>Si Jules Ferry a \u00ab invent\u00e9 \u00bb l&rsquo;\u00e9cole dans les ann\u00e9es 1880,<br \/>\nRaylambert a, lui, \u00ab r\u00e9volutionn\u00e9 \u00bb l&rsquo;image des livres scolaires \u00e0<br \/>\npartir des ann\u00e9es 1930 et ce, pour des g\u00e9n\u00e9rations de petits \u00e9coliers.<br \/>\nCe qui n&rsquo;\u00e9tait jusqu&rsquo;alors que le support triste, terne et maussade du<br \/>\nsavoir \u00e0 transmettre, s&rsquo;est soudainement, sous son impulsion, enrichi<br \/>\nd&rsquo;une imagerie accueillante et comme fondue dans le texte qu&rsquo;elle avait<br \/>\npour mission de rendre plus digeste. Dessinateur animalier passionn\u00e9,<br \/>\nRaylambert a introduit ses personnages de pr\u00e9dilection dans toutes les<br \/>\nsc\u00e8nes de la vie quotidienne, les rendant ainsi, page apr\u00e8s page,<br \/>\nfamili\u00e8res et attirantes pour les enfants. Livres de fran\u00e7ais, de calcul<br \/>\net m\u00eame grammaires deviendront tour \u00e0 tour ses terrains de jeu, avec<br \/>\ntoujours la m\u00eame po\u00e9sie et le m\u00eame attachement \u00e0 plaire et \u00e0 convaincre<br \/>\ndes bienfaits de la d\u00e9couverte et de l&rsquo;appropriation du savoir. Le monde<br \/>\nque Raylambert nous montre est un monde o\u00f9 le rural domine et o\u00f9<br \/>\nl&rsquo;\u00e9cole est r\u00e9gie par des r\u00e8gles. L&rsquo;\u00ab \u00e9ducation populaire \u00bb y est<br \/>\noptimiste, universelle et ne suscite pas le doute. Pour longtemps<br \/>\nencore, Raylambert restera un dessinateur du bonheur.<\/p>","protected":false},"excerpt":{"rendered":"<h1 id=\"title\" class=\"a-spacing-none a-text-normal\"><span id=\"productTitle\" class=\"a-size-large celwidget\" data-csa-c-id=\"excypw-cxsyu3-hhz11r-77hbah\" data-cel-widget=\"productTitle\">L&rsquo;\u00e9cole enchant\u00e9e de Raylambert<\/span><\/h1>\n<p>&nbsp;<\/p>","protected":false},"featured_media":265,"template":"","meta":[],"product_brand":[],"product_cat":[17],"product_tag":[],"class_list":{"0":"post-266","1":"product","2":"type-product","3":"status-publish","4":"has-post-thumbnail","6":"product_cat-livres","8":"first","9":"instock","10":"shipping-taxable","11":"purchasable","12":"product-type-simple","13":"berocket_lgv_grid","14":"berocket_lgv_list_grid"},"jetpack_sharing_enabled":true,"_links":{"self":[{"href":"https:\/\/www.cafouci.fr\/en\/wp-json\/wp\/v2\/product\/266","targetHints":{"allow":["GET"]}}],"collection":[{"href":"https:\/\/www.cafouci.fr\/en\/wp-json\/wp\/v2\/product"}],"about":[{"href":"https:\/\/www.cafouci.fr\/en\/wp-json\/wp\/v2\/types\/product"}],"wp:featuredmedia":[{"embeddable":true,"href":"https:\/\/www.cafouci.fr\/en\/wp-json\/wp\/v2\/media\/265"}],"wp:attachment":[{"href":"https:\/\/www.cafouci.fr\/en\/wp-json\/wp\/v2\/media?parent=266"}],"wp:term":[{"taxonomy":"product_brand","embeddable":true,"href":"https:\/\/www.cafouci.fr\/en\/wp-json\/wp\/v2\/product_brand?post=266"},{"taxonomy":"product_cat","embeddable":true,"href":"https:\/\/www.cafouci.fr\/en\/wp-json\/wp\/v2\/product_cat?post=266"},{"taxonomy":"product_tag","embeddable":true,"href":"https:\/\/www.cafouci.fr\/en\/wp-json\/wp\/v2\/product_tag?post=266"}],"curies":[{"name":"wp","href":"https:\/\/api.w.org\/{rel}","templated":true}]}}