{"id":268,"date":"2025-10-25T00:19:29","date_gmt":"2025-10-24T22:19:29","guid":{"rendered":"https:\/\/www.cafouci.fr\/produit\/la-discorde-chez-lennemi\/"},"modified":"2025-11-24T03:40:33","modified_gmt":"2025-11-24T01:40:33","slug":"la-discorde-chez-lennemi","status":"publish","type":"product","link":"https:\/\/www.cafouci.fr\/en\/product\/la-discorde-chez-lennemi\/","title":{"rendered":"La discorde chez l&rsquo;ennemi"},"content":{"rendered":"<div class=\"a-expander-content a-expander-partial-collapse-content\" data-expanded=\"false\">\n<h2 class=\"postbox-header\"><\/h2>\n<\/div>\n<p>&nbsp;<\/p>","protected":false},"excerpt":{"rendered":"<p>Le premier ouvrage de celui qui n&rsquo;\u00e9tait encore qu&rsquo;un capitaine \u00e0 l&rsquo;\u00c9cole de guerre.<\/p>\n<p>Publi\u00e9 en 1924 par un inconnu, le capitaine Charles de Gaulle, <span class=\"a-text-italic\">La Discorde chez l&rsquo;ennemi<\/span><br \/>\nest un essai d&rsquo;histoire imm\u00e9diate, le premier d&rsquo;envergure consacr\u00e9 aux<br \/>\ncauses profondes et directes de l&rsquo;effondrement du Reich wilhelmien.<br \/>\nL&rsquo;auteur livre son diagnostic \u00e0 partir de cinq \u00e9tudes de cas class\u00e9es<br \/>\ndans un ordre chronologique et qui refl\u00e8tent les principaux travers de<br \/>\nl&rsquo;Allemagne d&rsquo;alors jusqu&rsquo;\u00e0 sa chute brutale en 1918.<br \/>\nD\u00e9j\u00e0<br \/>\nl&rsquo;\u00e9crivain perce sous l&rsquo;historien et le politique \u00e0 travers le<br \/>\nmilitaire, comme le remarque Herv\u00e9 Gaymard dans la substantielle<br \/>\npr\u00e9sentation qu&rsquo;il donne en ouverture.<\/p>\n<p>&nbsp;<\/p>","protected":false},"featured_media":267,"template":"","meta":[],"product_brand":[],"product_cat":[21,17],"product_tag":[],"class_list":{"0":"post-268","1":"product","2":"type-product","3":"status-publish","4":"has-post-thumbnail","6":"product_cat-histoire","7":"product_cat-livres","9":"first","10":"instock","11":"shipping-taxable","12":"product-type-simple","13":"berocket_lgv_grid","14":"berocket_lgv_list_grid"},"jetpack_sharing_enabled":true,"_links":{"self":[{"href":"https:\/\/www.cafouci.fr\/en\/wp-json\/wp\/v2\/product\/268","targetHints":{"allow":["GET"]}}],"collection":[{"href":"https:\/\/www.cafouci.fr\/en\/wp-json\/wp\/v2\/product"}],"about":[{"href":"https:\/\/www.cafouci.fr\/en\/wp-json\/wp\/v2\/types\/product"}],"wp:featuredmedia":[{"embeddable":true,"href":"https:\/\/www.cafouci.fr\/en\/wp-json\/wp\/v2\/media\/267"}],"wp:attachment":[{"href":"https:\/\/www.cafouci.fr\/en\/wp-json\/wp\/v2\/media?parent=268"}],"wp:term":[{"taxonomy":"product_brand","embeddable":true,"href":"https:\/\/www.cafouci.fr\/en\/wp-json\/wp\/v2\/product_brand?post=268"},{"taxonomy":"product_cat","embeddable":true,"href":"https:\/\/www.cafouci.fr\/en\/wp-json\/wp\/v2\/product_cat?post=268"},{"taxonomy":"product_tag","embeddable":true,"href":"https:\/\/www.cafouci.fr\/en\/wp-json\/wp\/v2\/product_tag?post=268"}],"curies":[{"name":"wp","href":"https:\/\/api.w.org\/{rel}","templated":true}]}}