{"id":270,"date":"2025-10-25T00:21:04","date_gmt":"2025-10-24T22:21:04","guid":{"rendered":"https:\/\/www.cafouci.fr\/produit\/lhiver-du-connetable\/"},"modified":"2025-10-25T00:31:39","modified_gmt":"2025-10-24T22:31:39","slug":"lhiver-du-connetable","status":"publish","type":"product","link":"https:\/\/www.cafouci.fr\/en\/product\/lhiver-du-connetable\/","title":{"rendered":"L&rsquo;Hiver du Conn\u00e9table"},"content":{"rendered":"<p>Apr\u00e8s l\u2019\u00e9chec en avril 1969 du r\u00e9f\u00e9rendum sur la r\u00e9gionalisation,<br \/>Charles de Gaulle s\u2019exila temporairement au pays du clan Mac Cartan, ses<br \/>anc\u00eatres irlandais. Sur ce p\u00e9riple m\u00e9lancolique du ch\u00eane foudroy\u00e9, des<br \/>plages du Kerry aux landes d\u00e9sertes du Connemara, sur sa rencontre \u00e0<br \/>Dublin avec le pr\u00e9sident de Valera, personnage historique au destin<br \/>similaire au sien, et sur ses rapports \u00e9troits avec l\u2019histoire et les<br \/>mythes de la Verte Erin, cet essai riche et p\u00e9n\u00e9trant fournit une ample<br \/>moisson de d\u00e9tails \u00e9clairant un pan ignor\u00e9 de la vie du fondateur de la<br \/>Ve r\u00e9publique, lequel devait faire en termes cachant mal son \u00e9motion le<br \/>bilan de ces \u00e9tranges retrouvailles : \u00ab En ce moment grave de ma vie,<br \/>j\u2019ai trouv\u00e9 ici ce que je cherchais : \u00eatre en face de moi-m\u00eame.<br \/>L\u2019Irlande me l\u2019a offert de la fa\u00e7on la plus d\u00e9licate, la plus amicale \u00bb.<\/p>","protected":false},"excerpt":{"rendered":"<h1 id=\"title\" class=\"a-spacing-none a-text-normal\"><span id=\"productTitle\" class=\"a-size-large celwidget\" data-csa-c-id=\"wtf6xy-5v7bvd-gjmxcf-kriser\" data-cel-widget=\"productTitle\">L&rsquo;Hiver du Conn\u00e9table<\/span><\/h1>\n<p><\/p>","protected":false},"featured_media":269,"template":"","meta":[],"product_brand":[],"product_cat":[21,17],"product_tag":[],"class_list":{"0":"post-270","1":"product","2":"type-product","3":"status-publish","4":"has-post-thumbnail","6":"product_cat-histoire","7":"product_cat-livres","9":"first","10":"instock","11":"shipping-taxable","12":"product-type-simple","13":"berocket_lgv_grid","14":"berocket_lgv_list_grid"},"jetpack_sharing_enabled":true,"_links":{"self":[{"href":"https:\/\/www.cafouci.fr\/en\/wp-json\/wp\/v2\/product\/270","targetHints":{"allow":["GET"]}}],"collection":[{"href":"https:\/\/www.cafouci.fr\/en\/wp-json\/wp\/v2\/product"}],"about":[{"href":"https:\/\/www.cafouci.fr\/en\/wp-json\/wp\/v2\/types\/product"}],"wp:featuredmedia":[{"embeddable":true,"href":"https:\/\/www.cafouci.fr\/en\/wp-json\/wp\/v2\/media\/269"}],"wp:attachment":[{"href":"https:\/\/www.cafouci.fr\/en\/wp-json\/wp\/v2\/media?parent=270"}],"wp:term":[{"taxonomy":"product_brand","embeddable":true,"href":"https:\/\/www.cafouci.fr\/en\/wp-json\/wp\/v2\/product_brand?post=270"},{"taxonomy":"product_cat","embeddable":true,"href":"https:\/\/www.cafouci.fr\/en\/wp-json\/wp\/v2\/product_cat?post=270"},{"taxonomy":"product_tag","embeddable":true,"href":"https:\/\/www.cafouci.fr\/en\/wp-json\/wp\/v2\/product_tag?post=270"}],"curies":[{"name":"wp","href":"https:\/\/api.w.org\/{rel}","templated":true}]}}