{"id":326,"date":"2025-10-26T00:45:53","date_gmt":"2025-10-25T22:45:53","guid":{"rendered":"https:\/\/www.cafouci.fr\/?post_type=product&#038;p=326"},"modified":"2025-10-26T00:45:53","modified_gmt":"2025-10-25T22:45:53","slug":"la-gloire-de-mon-pere","status":"publish","type":"product","link":"https:\/\/www.cafouci.fr\/en\/product\/la-gloire-de-mon-pere\/","title":{"rendered":"La gloire de mon p\u00e8re"},"content":{"rendered":"<p>Lorsqu il commence \u00e0 r\u00e9diger ses <span class=\"a-text-italic\">Souvenirs d&rsquo;enfance<\/span>, au milieu des ann\u00e9es cinquante, Marcel Pagnol est en train de s&rsquo;\u00e9loigner du cin\u00e9ma., et le th\u00e9\u00e2tre ne lui sourit plus.<br \/>\n<span class=\"a-text-italic\">La Gloire de mon p\u00e8re<\/span>, d\u00e8s sa parution, en 1957, est salu\u00e9 comme marquant l&rsquo;av\u00e8nement d&rsquo;un grand prosateur. Joseph, le p\u00e8re instituteur., Augustine, la timide maman., l&rsquo;oncle Jules, la tante Ros\u00e9, le petit fr\u00e8re Paul, deviennent imm\u00e9diatement aussi populaires que Marius, C\u00e9sar ou Panisse. Et la sc\u00e8ne de la chasse \u00e0 la bartavelle se transforme imm\u00e9diatement en dict\u00e9e d?\u00e9cole primaire&#8230;<br \/>\nLes souvenirs de Pagnol sont un peu ceux de tous les enfants du monde. Plus tard, para\u00eet-il, Pagnol aurait voulu qu&rsquo;ils deviennent un film. C &lsquo;est Yves Robert qui, longtemps apr\u00e8s la mort de l&rsquo;\u00e9crivain, le r\u00e9alisera.<\/p>","protected":false},"excerpt":{"rendered":"<h1 id=\"title\" class=\"a-spacing-none a-text-normal\"><span id=\"productTitle\" class=\"a-size-large celwidget\" data-csa-c-id=\"a6pysa-99gwfw-kbcfe2-xtow4w\" data-cel-widget=\"productTitle\">La gloire de mon p\u00e8re<\/span><\/h1>","protected":false},"featured_media":327,"template":"","meta":[],"product_brand":[],"product_cat":[17,18],"product_tag":[],"class_list":{"0":"post-326","1":"product","2":"type-product","3":"status-publish","4":"has-post-thumbnail","6":"product_cat-livres","7":"product_cat-romans","9":"first","10":"instock","11":"shipping-taxable","12":"purchasable","13":"product-type-simple","14":"berocket_lgv_grid","15":"berocket_lgv_list_grid"},"jetpack_sharing_enabled":true,"_links":{"self":[{"href":"https:\/\/www.cafouci.fr\/en\/wp-json\/wp\/v2\/product\/326","targetHints":{"allow":["GET"]}}],"collection":[{"href":"https:\/\/www.cafouci.fr\/en\/wp-json\/wp\/v2\/product"}],"about":[{"href":"https:\/\/www.cafouci.fr\/en\/wp-json\/wp\/v2\/types\/product"}],"wp:featuredmedia":[{"embeddable":true,"href":"https:\/\/www.cafouci.fr\/en\/wp-json\/wp\/v2\/media\/327"}],"wp:attachment":[{"href":"https:\/\/www.cafouci.fr\/en\/wp-json\/wp\/v2\/media?parent=326"}],"wp:term":[{"taxonomy":"product_brand","embeddable":true,"href":"https:\/\/www.cafouci.fr\/en\/wp-json\/wp\/v2\/product_brand?post=326"},{"taxonomy":"product_cat","embeddable":true,"href":"https:\/\/www.cafouci.fr\/en\/wp-json\/wp\/v2\/product_cat?post=326"},{"taxonomy":"product_tag","embeddable":true,"href":"https:\/\/www.cafouci.fr\/en\/wp-json\/wp\/v2\/product_tag?post=326"}],"curies":[{"name":"wp","href":"https:\/\/api.w.org\/{rel}","templated":true}]}}