{"id":393,"date":"2025-10-27T00:08:47","date_gmt":"2025-10-26T22:08:47","guid":{"rendered":"https:\/\/www.cafouci.fr\/?post_type=product&#038;p=393"},"modified":"2025-10-27T00:23:20","modified_gmt":"2025-10-26T22:23:20","slug":"parler-chat","status":"publish","type":"product","link":"https:\/\/www.cafouci.fr\/en\/product\/parler-chat\/","title":{"rendered":"Parler Chat"},"content":{"rendered":"<h4><span class=\"a-text-bold\">Comprendre votre chat est possible.<\/span><\/h4>\n<p>Avez-vous d\u00e9j\u00e0 eu l&rsquo;impression que votre chat essayait de vous dire quelque chose, mais que vous ne pouviez pas comprendre ? Vous n&rsquo;\u00eates pas seul. La plupart des propri\u00e9taires de chats sont fascin\u00e9s par leurs compagnons \u00e0 quatre pattes, mais souvent d\u00e9concert\u00e9s par leurs comportements myst\u00e9rieux et parfois d\u00e9routants.<\/p>\n<p>Mais imaginez si vous pouviez <span class=\"a-text-italic\">d\u00e9coder<\/span> ce que votre chat essaie de vous dire. Imaginez une relation o\u00f9 chaque mouvement de queue, chaque ronronnement et chaque regard prend tout son sens. <span class=\"a-text-italic\">\u00ab Parler Chat \u00bb<\/span> vous offre cette opportunit\u00e9 : comprendre les subtilit\u00e9s du langage f\u00e9lin et transformer cette connexion.<\/p>\n<p><span class=\"a-text-bold\">Ce que vous allez d\u00e9couvrir dans ce livre :<\/span><\/p>\n<ul class=\"a-unordered-list a-vertical\">\n<li><span class=\"a-list-item\"><span class=\"a-text-bold\">Le d\u00e9cryptage des signaux f\u00e9lins<\/span> : Apprenez \u00e0 lire les mouvements subtils de votre chat pour comprendre ses besoins et \u00e9motions.<\/span><\/li>\n<li><span class=\"a-list-item\"><span class=\"a-text-bold\">Les myst\u00e8res du comportement f\u00e9lin<\/span> : Pourquoi votre chat agit-il de mani\u00e8re distante un jour, et c\u00e2lin l&rsquo;autre ? Vous saurez tout !<\/span><\/li>\n<li><span class=\"a-list-item\"><span class=\"a-text-bold\">Des astuces pratiques pour am\u00e9liorer votre relation<\/span> : Des conseils test\u00e9s et approuv\u00e9s pour cr\u00e9er un environnement id\u00e9al pour votre chat et r\u00e9soudre les comportements probl\u00e9matiques.<\/span><\/li>\n<li><span class=\"a-list-item\"><span class=\"a-text-bold\">Comprendre les \u00e9tapes de vie de votre chat<\/span> : De la p\u00e9riode chaton \u00e0 celle de chat \u00e2g\u00e9, apprenez \u00e0 adapter vos interactions en fonction de son \u00e2ge.<\/span><\/li>\n<li><span class=\"a-list-item\"><span class=\"a-text-bold\">Les solutions aux probl\u00e8mes courants<\/span> : Marquage, griffades, anxi\u00e9t\u00e9\u2026 Transformez les frustrations quotidiennes en moments de compr\u00e9hension.<\/span><\/li>\n<\/ul>","protected":false},"excerpt":{"rendered":"<h1 id=\"title\" class=\"a-spacing-none a-text-normal\"><span id=\"productTitle\" class=\"a-size-large celwidget\" data-csa-c-id=\"7tix9g-3uakct-gj7ut3-2qbhif\" data-cel-widget=\"productTitle\">Parler Chat: Le guide pour d\u00e9coder les secrets de votre animal de compagnie et transformez votre relation<\/span><\/h1>","protected":false},"featured_media":394,"template":"","meta":[],"product_brand":[],"product_cat":[15,17],"product_tag":[],"class_list":{"0":"post-393","1":"product","2":"type-product","3":"status-publish","4":"has-post-thumbnail","6":"product_cat-autres","7":"product_cat-livres","9":"first","10":"instock","11":"shipping-taxable","12":"purchasable","13":"product-type-simple","14":"berocket_lgv_grid","15":"berocket_lgv_list_grid"},"jetpack_sharing_enabled":true,"_links":{"self":[{"href":"https:\/\/www.cafouci.fr\/en\/wp-json\/wp\/v2\/product\/393","targetHints":{"allow":["GET"]}}],"collection":[{"href":"https:\/\/www.cafouci.fr\/en\/wp-json\/wp\/v2\/product"}],"about":[{"href":"https:\/\/www.cafouci.fr\/en\/wp-json\/wp\/v2\/types\/product"}],"wp:featuredmedia":[{"embeddable":true,"href":"https:\/\/www.cafouci.fr\/en\/wp-json\/wp\/v2\/media\/394"}],"wp:attachment":[{"href":"https:\/\/www.cafouci.fr\/en\/wp-json\/wp\/v2\/media?parent=393"}],"wp:term":[{"taxonomy":"product_brand","embeddable":true,"href":"https:\/\/www.cafouci.fr\/en\/wp-json\/wp\/v2\/product_brand?post=393"},{"taxonomy":"product_cat","embeddable":true,"href":"https:\/\/www.cafouci.fr\/en\/wp-json\/wp\/v2\/product_cat?post=393"},{"taxonomy":"product_tag","embeddable":true,"href":"https:\/\/www.cafouci.fr\/en\/wp-json\/wp\/v2\/product_tag?post=393"}],"curies":[{"name":"wp","href":"https:\/\/api.w.org\/{rel}","templated":true}]}}