{"id":396,"date":"2025-10-27T00:35:13","date_gmt":"2025-10-26T22:35:13","guid":{"rendered":"https:\/\/www.cafouci.fr\/?post_type=product&#038;p=396"},"modified":"2025-10-27T00:45:59","modified_gmt":"2025-10-26T22:45:59","slug":"vendredi-ou-la-vie-sauvage","status":"publish","type":"product","link":"https:\/\/www.cafouci.fr\/en\/product\/vendredi-ou-la-vie-sauvage\/","title":{"rendered":"VENDREDI OU LA VIE SAUVAGE"},"content":{"rendered":"<p>Le 29 septembre 1759, le navire \u00a0\u00bb La Virginie\u00a0\u00bb fait naufrage. Seul rescap\u00e9, Robinson \u00e9choue sur une \u00eele d\u00e9serte o\u00f9 il tente de survivre \u00e0 une nature hostile en d\u00e9ployant des tr\u00e9sors d&rsquo;ing\u00e9niosit\u00e9. Mais son existence solitaire bascule le jour o\u00f9 un autre \u00eatre humain fait son apparition sur l&rsquo;\u00eele : Vendredi, le sauvage&#8230; . Titre recommand\u00e9 par l&rsquo;\u00c9ducation nationale en classe de 6e et 5e<\/p>","protected":false},"excerpt":{"rendered":"<p>Une aventure inoubliable, une ode \u00e0 la libert\u00e9 et \u00e0 la nature<\/p>","protected":false},"featured_media":397,"template":"","meta":[],"product_brand":[],"product_cat":[17,18],"product_tag":[],"class_list":{"0":"post-396","1":"product","2":"type-product","3":"status-publish","4":"has-post-thumbnail","6":"product_cat-livres","7":"product_cat-romans","9":"first","10":"instock","11":"shipping-taxable","12":"purchasable","13":"product-type-simple","14":"berocket_lgv_grid","15":"berocket_lgv_list_grid"},"jetpack_sharing_enabled":true,"_links":{"self":[{"href":"https:\/\/www.cafouci.fr\/en\/wp-json\/wp\/v2\/product\/396","targetHints":{"allow":["GET"]}}],"collection":[{"href":"https:\/\/www.cafouci.fr\/en\/wp-json\/wp\/v2\/product"}],"about":[{"href":"https:\/\/www.cafouci.fr\/en\/wp-json\/wp\/v2\/types\/product"}],"wp:featuredmedia":[{"embeddable":true,"href":"https:\/\/www.cafouci.fr\/en\/wp-json\/wp\/v2\/media\/397"}],"wp:attachment":[{"href":"https:\/\/www.cafouci.fr\/en\/wp-json\/wp\/v2\/media?parent=396"}],"wp:term":[{"taxonomy":"product_brand","embeddable":true,"href":"https:\/\/www.cafouci.fr\/en\/wp-json\/wp\/v2\/product_brand?post=396"},{"taxonomy":"product_cat","embeddable":true,"href":"https:\/\/www.cafouci.fr\/en\/wp-json\/wp\/v2\/product_cat?post=396"},{"taxonomy":"product_tag","embeddable":true,"href":"https:\/\/www.cafouci.fr\/en\/wp-json\/wp\/v2\/product_tag?post=396"}],"curies":[{"name":"wp","href":"https:\/\/api.w.org\/{rel}","templated":true}]}}