{"id":549,"date":"2025-11-01T01:39:26","date_gmt":"2025-10-31T23:39:26","guid":{"rendered":"https:\/\/www.cafouci.fr\/?post_type=product&#038;p=549"},"modified":"2025-11-01T01:39:26","modified_gmt":"2025-10-31T23:39:26","slug":"victoire-la-rouge","status":"publish","type":"product","link":"https:\/\/www.cafouci.fr\/en\/product\/victoire-la-rouge\/","title":{"rendered":"Victoire la Rouge"},"content":{"rendered":"","protected":false},"excerpt":{"rendered":"<p>Auteur(s) : Georges de Peyrebrune\u00c9diteur : LGF\/Le Livre de PocheParution : 2024\u00ab Au c\u0153ur du P\u00e9rigord, dans les ann\u00e9es 1860, la jeune Victoire, na\u00efve orpheline sans \u00e9ducation, est plac\u00e9e comme servante \u00e0 la campagne. Maltrait\u00e9e et d\u00e9nigr\u00e9e, elle fait pourtant montre de vaillance, jusqu\u2019\u00e0 sa rencontre malheureuse avec un gar\u00e7on de\u2026<\/p>","protected":false},"featured_media":550,"template":"","meta":[],"product_brand":[],"product_cat":[18],"product_tag":[],"class_list":{"0":"post-549","1":"product","2":"type-product","3":"status-publish","4":"has-post-thumbnail","6":"product_cat-romans","8":"first","9":"instock","10":"shipping-taxable","11":"purchasable","12":"product-type-simple","13":"berocket_lgv_grid","14":"berocket_lgv_list_grid"},"jetpack_sharing_enabled":true,"_links":{"self":[{"href":"https:\/\/www.cafouci.fr\/en\/wp-json\/wp\/v2\/product\/549","targetHints":{"allow":["GET"]}}],"collection":[{"href":"https:\/\/www.cafouci.fr\/en\/wp-json\/wp\/v2\/product"}],"about":[{"href":"https:\/\/www.cafouci.fr\/en\/wp-json\/wp\/v2\/types\/product"}],"wp:featuredmedia":[{"embeddable":true,"href":"https:\/\/www.cafouci.fr\/en\/wp-json\/wp\/v2\/media\/550"}],"wp:attachment":[{"href":"https:\/\/www.cafouci.fr\/en\/wp-json\/wp\/v2\/media?parent=549"}],"wp:term":[{"taxonomy":"product_brand","embeddable":true,"href":"https:\/\/www.cafouci.fr\/en\/wp-json\/wp\/v2\/product_brand?post=549"},{"taxonomy":"product_cat","embeddable":true,"href":"https:\/\/www.cafouci.fr\/en\/wp-json\/wp\/v2\/product_cat?post=549"},{"taxonomy":"product_tag","embeddable":true,"href":"https:\/\/www.cafouci.fr\/en\/wp-json\/wp\/v2\/product_tag?post=549"}],"curies":[{"name":"wp","href":"https:\/\/api.w.org\/{rel}","templated":true}]}}