{"id":570,"date":"2025-11-02T01:17:33","date_gmt":"2025-11-01T23:17:33","guid":{"rendered":"https:\/\/www.cafouci.fr\/?post_type=product&#038;p=570"},"modified":"2025-11-02T01:17:33","modified_gmt":"2025-11-01T23:17:33","slug":"alienor-la-reine-adultere","status":"publish","type":"product","link":"https:\/\/www.cafouci.fr\/en\/product\/alienor-la-reine-adultere\/","title":{"rendered":"Ali\u00e9nor, la reine adult\u00e8re"},"content":{"rendered":"<p>Au printemps 1152, l&rsquo;\u00e9nergique et sensuelle Ali\u00e9nor est une riche h\u00e9riti\u00e8re de vingt-huit ans. La dissolution de son mariage avec Louis VII vient d&rsquo;\u00eatre prononc\u00e9e. Epouse insoumise, Ali\u00e9nor s&rsquo;\u00e9tait en effet \u00e9prise de son oncle lors de la deuxi\u00e8me croisade. Car Ali\u00e9nor n&rsquo;\u00e9coute que son c\u0153ur. Et, cette fois, elle est tomb\u00e9e sous le charme d&rsquo;un s\u00e9duisant rouquin de dix ans son cadet, Henri Plantagen\u00eat. Il sera son \u00a0\u00bb Lancelot \u00ab\u00a0. Elle le r\u00eave en \u00e9ternel vainqueur pr\u00eat \u00e0 tout pour conqu\u00e9rir la couronne d&rsquo;Angleterre. Ses attentes ne seront pas d\u00e9\u00e7ues. Mais elle ignore qu&rsquo;il lui faudra payer tr\u00e8s cher les succ\u00e8s de son roi. Elle se heurte bient\u00f4t \u00e0 la soif de pouvoir et au cynisme d&rsquo;Henri, qui n&rsquo;h\u00e9site pas \u00e0 la trahir. De son c\u00f4t\u00e9, Ali\u00e9nor ne sera pas en reste : elle soul\u00e8ve son duch\u00e9 contre le roi et bient\u00f4t ses fils contre leur p\u00e8re. Mais au cours d&rsquo;un de ses voyages, malgr\u00e9 son d\u00e9guisement de page, l&rsquo;imp\u00e9tueuse Ali\u00e9nor se fait arr\u00eater. Henri la retiendra prisonni\u00e8re dans un couvent pendant onze ans&#8230; Reine de France, puis du puissant royaume d&rsquo;Angleterre qui s&rsquo;\u00e9tend d&rsquo;Edimbourg \u00e0 Bayonne, m\u00e8re de dix enfants, dont cinq souverains, Ali\u00e9nor d&rsquo;Aquitaine forgea avec audace sa destin\u00e9e. Inspiratrice de la Magna Carta, la premi\u00e8re constitution au monde, voyageuse imp\u00e9nitente, elle fut sans nul doute une femme politique d&rsquo;importance dans notre histoire. Un r\u00e9cit \u00e9pique, qui t\u00e9moigne aussi du comportement \u00e9tonnamment libre et aventureux d&rsquo;une femme hors du commun au Moyen Age.<\/p>","protected":false},"excerpt":{"rendered":"<p>Au printemps 1152, l&rsquo;\u00e9nergique et sensuelle Ali\u00e9nor est une riche h\u00e9riti\u00e8re de vingt-huit ans. La dissolution de son mariage avec Louis VII vient d&rsquo;\u00eatre prononc\u00e9e. Epouse insoumise, Ali\u00e9nor s&rsquo;\u00e9tait en effet \u00e9prise de son oncle lors de la deuxi\u00e8me croisade. Car Ali\u00e9nor n&rsquo;\u00e9coute que son c\u0153ur. Et, cette fois, elle est tomb\u00e9e sous le charme [&hellip;]<\/p>","protected":false},"featured_media":571,"template":"","meta":[],"product_brand":[],"product_cat":[21],"product_tag":[],"class_list":{"0":"post-570","1":"product","2":"type-product","3":"status-publish","4":"has-post-thumbnail","6":"product_cat-histoire","8":"first","9":"instock","10":"shipping-taxable","11":"purchasable","12":"product-type-simple","13":"berocket_lgv_grid","14":"berocket_lgv_list_grid"},"jetpack_sharing_enabled":true,"_links":{"self":[{"href":"https:\/\/www.cafouci.fr\/en\/wp-json\/wp\/v2\/product\/570","targetHints":{"allow":["GET"]}}],"collection":[{"href":"https:\/\/www.cafouci.fr\/en\/wp-json\/wp\/v2\/product"}],"about":[{"href":"https:\/\/www.cafouci.fr\/en\/wp-json\/wp\/v2\/types\/product"}],"wp:featuredmedia":[{"embeddable":true,"href":"https:\/\/www.cafouci.fr\/en\/wp-json\/wp\/v2\/media\/571"}],"wp:attachment":[{"href":"https:\/\/www.cafouci.fr\/en\/wp-json\/wp\/v2\/media?parent=570"}],"wp:term":[{"taxonomy":"product_brand","embeddable":true,"href":"https:\/\/www.cafouci.fr\/en\/wp-json\/wp\/v2\/product_brand?post=570"},{"taxonomy":"product_cat","embeddable":true,"href":"https:\/\/www.cafouci.fr\/en\/wp-json\/wp\/v2\/product_cat?post=570"},{"taxonomy":"product_tag","embeddable":true,"href":"https:\/\/www.cafouci.fr\/en\/wp-json\/wp\/v2\/product_tag?post=570"}],"curies":[{"name":"wp","href":"https:\/\/api.w.org\/{rel}","templated":true}]}}