{"id":581,"date":"2025-11-02T11:01:26","date_gmt":"2025-11-02T09:01:26","guid":{"rendered":"https:\/\/www.cafouci.fr\/?post_type=product&#038;p=581"},"modified":"2025-11-02T11:01:26","modified_gmt":"2025-11-02T09:01:26","slug":"sql","status":"publish","type":"product","link":"https:\/\/www.cafouci.fr\/en\/product\/sql\/","title":{"rendered":"SQL"},"content":{"rendered":"<p>De nombreux utilisateurs sont confront\u00e9s \u00e0 des probl\u00e8mes, des plus \u00e9l\u00e9mentaires aux plus complexes, pos\u00e9s par le SQL. Partant de ce constat, l&rsquo;auteur, sp\u00e9cialiste en la mati\u00e8re, nous propose aujourd&rsquo;hui cet ouvrage. R\u00e9solument pratique, il r\u00e9pondra \u00e0 toutes vos questions, que vous soyez informaticien professionnel ou d\u00e9butant. Facile \u00e0 lire, il demeure n\u00e9anmoins intransigeant, en prenant en compte toutes les sp\u00e9cificit\u00e9s d&rsquo;un SQL normatif. Vous \u00e9tudierez les bases de donn\u00e9es en fonction de la norme SQL2, et ferez des comparaisons avec les acteurs majeurs du domaine : Access, MySQL, Oracle et SQL Server. Ce livre satisfera donc tous ceux qui veulent conna\u00eetre le langage universel de manipulation des SGBDR qu&rsquo;est le SQL, comme ceux qui ont besoin d&rsquo;inclure au sein d&rsquo;une application Web les ressources des bases de donn\u00e9es.<\/p>","protected":false},"excerpt":{"rendered":"<p>De nombreux utilisateurs sont confront\u00e9s \u00e0 des probl\u00e8mes, des plus \u00e9l\u00e9mentaires aux plus complexes, pos\u00e9s par le SQL. Partant de ce constat, l&rsquo;auteur, sp\u00e9cialiste en la mati\u00e8re, nous propose aujourd&rsquo;hui cet ouvrage. R\u00e9solument pratique, il r\u00e9pondra \u00e0 toutes vos questions, que vous soyez informaticien professionnel ou d\u00e9butant. Facile \u00e0 lire, il demeure n\u00e9anmoins intransigeant, en [&hellip;]<\/p>","protected":false},"featured_media":582,"template":"","meta":[],"product_brand":[],"product_cat":[20],"product_tag":[],"class_list":{"0":"post-581","1":"product","2":"type-product","3":"status-publish","4":"has-post-thumbnail","6":"product_cat-sciences","8":"first","9":"instock","10":"shipping-taxable","11":"purchasable","12":"product-type-simple","13":"berocket_lgv_grid","14":"berocket_lgv_list_grid"},"jetpack_sharing_enabled":true,"_links":{"self":[{"href":"https:\/\/www.cafouci.fr\/en\/wp-json\/wp\/v2\/product\/581","targetHints":{"allow":["GET"]}}],"collection":[{"href":"https:\/\/www.cafouci.fr\/en\/wp-json\/wp\/v2\/product"}],"about":[{"href":"https:\/\/www.cafouci.fr\/en\/wp-json\/wp\/v2\/types\/product"}],"wp:featuredmedia":[{"embeddable":true,"href":"https:\/\/www.cafouci.fr\/en\/wp-json\/wp\/v2\/media\/582"}],"wp:attachment":[{"href":"https:\/\/www.cafouci.fr\/en\/wp-json\/wp\/v2\/media?parent=581"}],"wp:term":[{"taxonomy":"product_brand","embeddable":true,"href":"https:\/\/www.cafouci.fr\/en\/wp-json\/wp\/v2\/product_brand?post=581"},{"taxonomy":"product_cat","embeddable":true,"href":"https:\/\/www.cafouci.fr\/en\/wp-json\/wp\/v2\/product_cat?post=581"},{"taxonomy":"product_tag","embeddable":true,"href":"https:\/\/www.cafouci.fr\/en\/wp-json\/wp\/v2\/product_tag?post=581"}],"curies":[{"name":"wp","href":"https:\/\/api.w.org\/{rel}","templated":true}]}}