{"id":585,"date":"2025-11-02T18:46:09","date_gmt":"2025-11-02T16:46:09","guid":{"rendered":"https:\/\/www.cafouci.fr\/?post_type=product&#038;p=585"},"modified":"2025-11-02T18:46:09","modified_gmt":"2025-11-02T16:46:09","slug":"a-la-recherche-de-lintelligence-artificielle","status":"publish","type":"product","link":"https:\/\/www.cafouci.fr\/en\/product\/a-la-recherche-de-lintelligence-artificielle\/","title":{"rendered":"\u00c0 la recherche de l&rsquo;intelligence artificielle"},"content":{"rendered":"<p>Durant l&rsquo;\u00e9t\u00e9 1956, de jeunes savants am\u00e9ricains d\u00e9clar\u00e8rent que toute forme d&rsquo;apprentissage, toute manifestation d&rsquo;intelligence pouvaient, en principe, \u00eatre d\u00e9crites de mani\u00e8re suffisamment pr\u00e9cise pour qu&rsquo;on puisse construire une machine capable d&rsquo;en faire une simulation. Quarante ans plus tard, le domaine de recherche de l&rsquo;intelligence artificielle s&rsquo;est consid\u00e9rablement \u00e9tendu. Fond\u00e9 sur une enqu\u00eate fouill\u00e9e aupr\u00e8s des protagonistes de cette aventure (Marvin Minsky, Herbert Simon, Allen Newell &#8230; ), l&rsquo;ouvrage de Daniel Crevier m\u00eale histoire des id\u00e9es, histoire des techniques et business. Il retrace les extraordinaires succ\u00e8s de l&rsquo;intelligence artificielle (syst\u00e8mes experts, robotique &#8230; ) comme ses \u00e9checs (formalisation du langage, apprentissage). Il montre enfin comment cette \u00e9tonnante histoire est aussi celle des progr\u00e8s lents mais d\u00e9cisifs de la connaissance du m\u00e9canisme de la pens\u00e9e humaine.<\/p>","protected":false},"excerpt":{"rendered":"<p>Durant l&rsquo;\u00e9t\u00e9 1956, de jeunes savants am\u00e9ricains d\u00e9clar\u00e8rent que toute forme d&rsquo;apprentissage, toute manifestation d&rsquo;intelligence pouvaient, en principe, \u00eatre d\u00e9crites de mani\u00e8re suffisamment pr\u00e9cise pour qu&rsquo;on puisse construire une machine capable d&rsquo;en faire une simulation. Quarante ans plus tard, le domaine de recherche de l&rsquo;intelligence artificielle s&rsquo;est consid\u00e9rablement \u00e9tendu. Fond\u00e9 sur une enqu\u00eate fouill\u00e9e aupr\u00e8s [&hellip;]<\/p>","protected":false},"featured_media":586,"template":"","meta":[],"product_brand":[],"product_cat":[20],"product_tag":[],"class_list":{"0":"post-585","1":"product","2":"type-product","3":"status-publish","4":"has-post-thumbnail","6":"product_cat-sciences","8":"first","9":"instock","10":"shipping-taxable","11":"purchasable","12":"product-type-simple","13":"berocket_lgv_grid","14":"berocket_lgv_list_grid"},"jetpack_sharing_enabled":true,"_links":{"self":[{"href":"https:\/\/www.cafouci.fr\/en\/wp-json\/wp\/v2\/product\/585","targetHints":{"allow":["GET"]}}],"collection":[{"href":"https:\/\/www.cafouci.fr\/en\/wp-json\/wp\/v2\/product"}],"about":[{"href":"https:\/\/www.cafouci.fr\/en\/wp-json\/wp\/v2\/types\/product"}],"wp:featuredmedia":[{"embeddable":true,"href":"https:\/\/www.cafouci.fr\/en\/wp-json\/wp\/v2\/media\/586"}],"wp:attachment":[{"href":"https:\/\/www.cafouci.fr\/en\/wp-json\/wp\/v2\/media?parent=585"}],"wp:term":[{"taxonomy":"product_brand","embeddable":true,"href":"https:\/\/www.cafouci.fr\/en\/wp-json\/wp\/v2\/product_brand?post=585"},{"taxonomy":"product_cat","embeddable":true,"href":"https:\/\/www.cafouci.fr\/en\/wp-json\/wp\/v2\/product_cat?post=585"},{"taxonomy":"product_tag","embeddable":true,"href":"https:\/\/www.cafouci.fr\/en\/wp-json\/wp\/v2\/product_tag?post=585"}],"curies":[{"name":"wp","href":"https:\/\/api.w.org\/{rel}","templated":true}]}}