{"id":603,"date":"2025-11-05T23:24:52","date_gmt":"2025-11-05T21:24:52","guid":{"rendered":"https:\/\/www.cafouci.fr\/?post_type=product&#038;p=603"},"modified":"2025-11-05T23:24:52","modified_gmt":"2025-11-05T21:24:52","slug":"managez-a-distance-3","status":"publish","type":"product","link":"https:\/\/www.cafouci.fr\/en\/product\/managez-a-distance-3\/","title":{"rendered":"Managez \u00e0 distance"},"content":{"rendered":"<p>Quels r\u00e9flexes adopter pour encadrer des collaborateurs en t\u00e9l\u00e9travail ou des \u00e9quipes multisites ? Comment piloter avec efficacit\u00e9 des activit\u00e9s externalis\u00e9es ? Comment manager dans un contexte multiculturel ou international ? Gr\u00e2ce \u00e0 ses nombreux conseils pratiques, tests et exercices, ce guide vous propose un accompagnement sur mesure pour : organiser l&rsquo;activit\u00e9 de votre \u00e9quipe malgr\u00e9 l&rsquo;\u00e9loignement ; faire circuler les informations et fluidifier la communication ; d\u00e9velopper l&rsquo;autonomie de vos collaborateurs ; cr\u00e9er de la coh\u00e9sion et des relations de confiance ; affirmer votre autorit\u00e9 et votre leadership. Un guide indispensable pour remplir au quotidien, et avec succ\u00e8s, votre r\u00f4le de manager \u00e0 distance !<\/p>","protected":false},"excerpt":{"rendered":"<p>Quels r\u00e9flexes adopter pour encadrer des collaborateurs en t\u00e9l\u00e9travail ou des \u00e9quipes multisites ? Comment piloter avec efficacit\u00e9 des activit\u00e9s externalis\u00e9es ? Comment manager dans un contexte multiculturel ou international ? Gr\u00e2ce \u00e0 ses nombreux conseils pratiques, tests et exercices, ce guide vous propose un accompagnement sur mesure pour : organiser l&rsquo;activit\u00e9 de votre \u00e9quipe [&hellip;]<\/p>","protected":false},"featured_media":604,"template":"","meta":[],"product_brand":[],"product_cat":[15],"product_tag":[],"class_list":{"0":"post-603","1":"product","2":"type-product","3":"status-publish","4":"has-post-thumbnail","6":"product_cat-autres","8":"first","9":"instock","10":"shipping-taxable","11":"purchasable","12":"product-type-simple","13":"berocket_lgv_grid","14":"berocket_lgv_list_grid"},"jetpack_sharing_enabled":true,"_links":{"self":[{"href":"https:\/\/www.cafouci.fr\/en\/wp-json\/wp\/v2\/product\/603","targetHints":{"allow":["GET"]}}],"collection":[{"href":"https:\/\/www.cafouci.fr\/en\/wp-json\/wp\/v2\/product"}],"about":[{"href":"https:\/\/www.cafouci.fr\/en\/wp-json\/wp\/v2\/types\/product"}],"wp:featuredmedia":[{"embeddable":true,"href":"https:\/\/www.cafouci.fr\/en\/wp-json\/wp\/v2\/media\/604"}],"wp:attachment":[{"href":"https:\/\/www.cafouci.fr\/en\/wp-json\/wp\/v2\/media?parent=603"}],"wp:term":[{"taxonomy":"product_brand","embeddable":true,"href":"https:\/\/www.cafouci.fr\/en\/wp-json\/wp\/v2\/product_brand?post=603"},{"taxonomy":"product_cat","embeddable":true,"href":"https:\/\/www.cafouci.fr\/en\/wp-json\/wp\/v2\/product_cat?post=603"},{"taxonomy":"product_tag","embeddable":true,"href":"https:\/\/www.cafouci.fr\/en\/wp-json\/wp\/v2\/product_tag?post=603"}],"curies":[{"name":"wp","href":"https:\/\/api.w.org\/{rel}","templated":true}]}}