{"id":617,"date":"2025-11-06T02:21:19","date_gmt":"2025-11-06T00:21:19","guid":{"rendered":"https:\/\/www.cafouci.fr\/?post_type=product&#038;p=617"},"modified":"2025-11-06T02:21:19","modified_gmt":"2025-11-06T00:21:19","slug":"les-grands-duels-qui-ont-fait-le-monde","status":"publish","type":"product","link":"https:\/\/www.cafouci.fr\/en\/product\/les-grands-duels-qui-ont-fait-le-monde\/","title":{"rendered":"Les grands duels qui ont fait le monde"},"content":{"rendered":"<p>Pour la premi\u00e8re fois, historiens d&rsquo;envergure et grandes plumes du Figaro racontent les duels au sommet qui ont boulevers\u00e9 le monde depuis l&rsquo;Antiquit\u00e9 jusqu&rsquo;\u00e0 nos jours. Couvrant les \u00e9poques comme les continents, ils mettent en sc\u00e8ne des affrontements embl\u00e9matiques, qui conjuguent conflits militaires, d\u00e9saccords id\u00e9ologiques ou religieux et rivalit\u00e9s personnelles. Une place particuli\u00e8re est r\u00e9serv\u00e9e \u00e0 la France, du duel fondateur entre Philippe Auguste et Jean sans Terre \u00e0 celui opposant Napol\u00e9on III \u00e0 Bismarck, en passant par la rivalit\u00e9 entre Fran\u00e7ois Ier et Charles Quint&#8230; \u00a0\u00bb Ecrits dans une langue superbe, servis par une extraordinaire pr\u00e9face qui dit la grandeur et la vanit\u00e9 des ambitions humaines, ce sont des tableaux vivants qui donnent mati\u00e8re \u00e0 une infinie r\u00e9flexion. \u00a0\u00bb Le Figaro Histoire<\/p>","protected":false},"excerpt":{"rendered":"<p>Pour la premi\u00e8re fois, historiens d&rsquo;envergure et grandes plumes du Figaro racontent les duels au sommet qui ont boulevers\u00e9 le monde depuis l&rsquo;Antiquit\u00e9 jusqu&rsquo;\u00e0 nos jours. Couvrant les \u00e9poques comme les continents, ils mettent en sc\u00e8ne des affrontements embl\u00e9matiques, qui conjuguent conflits militaires, d\u00e9saccords id\u00e9ologiques ou religieux et rivalit\u00e9s personnelles. Une place particuli\u00e8re est r\u00e9serv\u00e9e [&hellip;]<\/p>","protected":false},"featured_media":618,"template":"","meta":[],"product_brand":[],"product_cat":[20],"product_tag":[],"class_list":{"0":"post-617","1":"product","2":"type-product","3":"status-publish","4":"has-post-thumbnail","6":"product_cat-sciences","8":"first","9":"instock","10":"shipping-taxable","11":"purchasable","12":"product-type-simple","13":"berocket_lgv_grid","14":"berocket_lgv_list_grid"},"jetpack_sharing_enabled":true,"_links":{"self":[{"href":"https:\/\/www.cafouci.fr\/en\/wp-json\/wp\/v2\/product\/617","targetHints":{"allow":["GET"]}}],"collection":[{"href":"https:\/\/www.cafouci.fr\/en\/wp-json\/wp\/v2\/product"}],"about":[{"href":"https:\/\/www.cafouci.fr\/en\/wp-json\/wp\/v2\/types\/product"}],"wp:featuredmedia":[{"embeddable":true,"href":"https:\/\/www.cafouci.fr\/en\/wp-json\/wp\/v2\/media\/618"}],"wp:attachment":[{"href":"https:\/\/www.cafouci.fr\/en\/wp-json\/wp\/v2\/media?parent=617"}],"wp:term":[{"taxonomy":"product_brand","embeddable":true,"href":"https:\/\/www.cafouci.fr\/en\/wp-json\/wp\/v2\/product_brand?post=617"},{"taxonomy":"product_cat","embeddable":true,"href":"https:\/\/www.cafouci.fr\/en\/wp-json\/wp\/v2\/product_cat?post=617"},{"taxonomy":"product_tag","embeddable":true,"href":"https:\/\/www.cafouci.fr\/en\/wp-json\/wp\/v2\/product_tag?post=617"}],"curies":[{"name":"wp","href":"https:\/\/api.w.org\/{rel}","templated":true}]}}