{"id":660,"date":"2025-11-13T23:16:14","date_gmt":"2025-11-13T21:16:14","guid":{"rendered":"https:\/\/www.cafouci.fr\/?post_type=product&#038;p=660"},"modified":"2025-11-13T23:16:14","modified_gmt":"2025-11-13T21:16:14","slug":"le-lys-dans-la-vallee-2","status":"publish","type":"product","link":"https:\/\/www.cafouci.fr\/en\/product\/le-lys-dans-la-vallee-2\/","title":{"rendered":"Le lys dans la vall\u00e9e"},"content":{"rendered":"<p>\u00a0\u00bb Comment, cher comte ? vous avez eu pour votre d\u00e9but une adorable femme, une ma\u00eetresse parfaite qui songeait \u00e0 votre fortune, qui vous a donn\u00e9 la pairie, qui vous aimait avec ivresse, qui ne vous demandait que d&rsquo;\u00eatre fid\u00e8le, et vous l&rsquo;avez fait mourir de chagrin ; mais je ne sais rien de plus monstrueux jeunes gens qui tra\u00eenent leurs ambitions sur le pav\u00e9 de Paris, quel est celui qui ne resterait pas sage pendant dix ans pour obtenir la moiti\u00e9 des faveurs que vous n&rsquo;avez pas su reconna\u00eetre ? Quand on est aim\u00e9 ainsi, que peut-on demander de plus ? \u00ab\u00a0<\/p>","protected":false},"excerpt":{"rendered":"<p>\u00a0\u00bb Comment, cher comte ? vous avez eu pour votre d\u00e9but une adorable femme, une ma\u00eetresse parfaite qui songeait \u00e0 votre fortune, qui vous a donn\u00e9 la pairie, qui vous aimait avec ivresse, qui ne vous demandait que d&rsquo;\u00eatre fid\u00e8le, et vous l&rsquo;avez fait mourir de chagrin ; mais je ne sais rien de plus [&hellip;]<\/p>","protected":false},"featured_media":662,"template":"","meta":[],"product_brand":[],"product_cat":[15],"product_tag":[],"class_list":{"0":"post-660","1":"product","2":"type-product","3":"status-publish","4":"has-post-thumbnail","6":"product_cat-autres","8":"first","9":"instock","10":"shipping-taxable","11":"purchasable","12":"product-type-simple","13":"berocket_lgv_grid","14":"berocket_lgv_list_grid"},"jetpack_sharing_enabled":true,"_links":{"self":[{"href":"https:\/\/www.cafouci.fr\/en\/wp-json\/wp\/v2\/product\/660","targetHints":{"allow":["GET"]}}],"collection":[{"href":"https:\/\/www.cafouci.fr\/en\/wp-json\/wp\/v2\/product"}],"about":[{"href":"https:\/\/www.cafouci.fr\/en\/wp-json\/wp\/v2\/types\/product"}],"wp:featuredmedia":[{"embeddable":true,"href":"https:\/\/www.cafouci.fr\/en\/wp-json\/wp\/v2\/media\/662"}],"wp:attachment":[{"href":"https:\/\/www.cafouci.fr\/en\/wp-json\/wp\/v2\/media?parent=660"}],"wp:term":[{"taxonomy":"product_brand","embeddable":true,"href":"https:\/\/www.cafouci.fr\/en\/wp-json\/wp\/v2\/product_brand?post=660"},{"taxonomy":"product_cat","embeddable":true,"href":"https:\/\/www.cafouci.fr\/en\/wp-json\/wp\/v2\/product_cat?post=660"},{"taxonomy":"product_tag","embeddable":true,"href":"https:\/\/www.cafouci.fr\/en\/wp-json\/wp\/v2\/product_tag?post=660"}],"curies":[{"name":"wp","href":"https:\/\/api.w.org\/{rel}","templated":true}]}}