{"id":673,"date":"2025-11-14T01:10:57","date_gmt":"2025-11-13T23:10:57","guid":{"rendered":"https:\/\/www.cafouci.fr\/?post_type=product&#038;p=673"},"modified":"2025-11-14T01:23:09","modified_gmt":"2025-11-13T23:23:09","slug":"embrasser-la-vie","status":"publish","type":"product","link":"https:\/\/www.cafouci.fr\/en\/product\/embrasser-la-vie\/","title":{"rendered":"Embrasser la vie"},"content":{"rendered":"<p>Elle a vingt ans quand elle rencontre l&rsquo;homme de sa vie. Lui en a quarante-cinq. Pour elle, c&rsquo;est l&rsquo;\u00e9blouissement de l&rsquo;amour qui commence par un coup de foudre ; pour lui, une ultime envie d&#8217;embrasser la vie. Il n&rsquo;est pas libre. Elle non plus. Elle voudrait fuir ce qu&rsquo;elle craint \u00eatre une d\u00e9pendance affective. Il la retient. Leur parcours est une sorte de guerre, une succession d&rsquo;interminables pers\u00e9cutions juridiques. Dix ans de compromis &#8211; dont elle ne se serait jamais crue capable &#8211; accept\u00e9s pour l&rsquo;homme qu&rsquo;elle aime. Dix ans d&rsquo;amour, de divorces des deux c\u00f4t\u00e9s, de chantage \u00e0 travers les enfants. Tout est bon pour les an\u00e9antir. Gr\u00e2ce \u00e0 l&rsquo;\u00e9criture et \u00e0 l&rsquo;amour, elle r\u00e9siste. Mais, durant ces dix ans de passion, de tourments, de bonheur sublim\u00e9 parce que arrach\u00e9, elle sait plus que jamais que chaque minute heureuse se paie, parfois tr\u00e8s cher. Christine Arnothy a choisi de parler d&rsquo;elle et d&rsquo;ouvrir une porte secr\u00e8te : ce sont ces dix ann\u00e9es de son existence qu&rsquo;elle raconte dans Embrasser la vie. Cette biographie est la suite de J&rsquo;ai quinze ans et je ne veux pas mourir et de Il n&rsquo;est pas si facile de vivre. Aujourd&rsquo;hui elle s&rsquo;interroge : et si c&rsquo;\u00e9tait \u00e0 refaire ? La r\u00e9ponse est dans ce livre o\u00f9, au gr\u00e9 des \u00e9v\u00e9nements, se m\u00ealent autant de cruaut\u00e9 que de tendresse, autant de duret\u00e9 que d&rsquo;\u00e9motion.<\/p>","protected":false},"excerpt":{"rendered":"<p>Elle a vingt ans quand elle rencontre l&rsquo;homme de sa vie. Lui en a quarante-cinq. Pour elle, c&rsquo;est l&rsquo;\u00e9blouissement de l&rsquo;amour qui commence par un coup de foudre ; pour lui, une ultime envie d&#8217;embrasser la vie. Il n&rsquo;est pas libre. Elle non plus. Elle voudrait fuir ce qu&rsquo;elle craint \u00eatre une d\u00e9pendance affective. Il [&hellip;]<\/p>","protected":false},"featured_media":675,"template":"","meta":[],"product_brand":[],"product_cat":[15],"product_tag":[],"class_list":{"0":"post-673","1":"product","2":"type-product","3":"status-publish","4":"has-post-thumbnail","6":"product_cat-autres","8":"first","9":"instock","10":"shipping-taxable","11":"purchasable","12":"product-type-simple","13":"berocket_lgv_grid","14":"berocket_lgv_list_grid"},"jetpack_sharing_enabled":true,"_links":{"self":[{"href":"https:\/\/www.cafouci.fr\/en\/wp-json\/wp\/v2\/product\/673","targetHints":{"allow":["GET"]}}],"collection":[{"href":"https:\/\/www.cafouci.fr\/en\/wp-json\/wp\/v2\/product"}],"about":[{"href":"https:\/\/www.cafouci.fr\/en\/wp-json\/wp\/v2\/types\/product"}],"wp:featuredmedia":[{"embeddable":true,"href":"https:\/\/www.cafouci.fr\/en\/wp-json\/wp\/v2\/media\/675"}],"wp:attachment":[{"href":"https:\/\/www.cafouci.fr\/en\/wp-json\/wp\/v2\/media?parent=673"}],"wp:term":[{"taxonomy":"product_brand","embeddable":true,"href":"https:\/\/www.cafouci.fr\/en\/wp-json\/wp\/v2\/product_brand?post=673"},{"taxonomy":"product_cat","embeddable":true,"href":"https:\/\/www.cafouci.fr\/en\/wp-json\/wp\/v2\/product_cat?post=673"},{"taxonomy":"product_tag","embeddable":true,"href":"https:\/\/www.cafouci.fr\/en\/wp-json\/wp\/v2\/product_tag?post=673"}],"curies":[{"name":"wp","href":"https:\/\/api.w.org\/{rel}","templated":true}]}}