{"id":677,"date":"2025-11-14T01:14:36","date_gmt":"2025-11-13T23:14:36","guid":{"rendered":"https:\/\/www.cafouci.fr\/?post_type=product&#038;p=677"},"modified":"2025-11-14T01:23:09","modified_gmt":"2025-11-13T23:23:09","slug":"contes-en-prose","status":"publish","type":"product","link":"https:\/\/www.cafouci.fr\/en\/product\/contes-en-prose\/","title":{"rendered":"Contes en prose"},"content":{"rendered":"<p>\u00a0\u00bb La Belle au bois dormant \u00a0\u00bb ou \u00a0\u00bb La Barbe bleue \u00ab\u00a0, \u00a0\u00bb Le Petit Chaperon rouge\u00a0\u00bb, \u00a0\u00bb Cendrillon \u00a0\u00bb ou \u00a0\u00bb Le Petit Poucet \u00a0\u00bb appartiennent depuis longtemps \u00e0 la tradition folklorique quand Perrault s&rsquo;en empare et les renouvelle. Gr\u00e2ce \u00e0 une parfaite ma\u00eetrise du r\u00e9cit, \u00e0 un savant m\u00e9lange de profondeur et de l\u00e9g\u00e8ret\u00e9, il fait de ce fonds na\u00eff et populaire un chef-d&rsquo;\u0153uvre de conteur et de moraliste : rien qui p\u00e8se ou qui pose en ces pages pleines d&rsquo;humour, souvent, et d&rsquo;ironie, \u00e9crites en une langue dont le naturel ni la gr\u00e2ce n&rsquo;ont vieilli. Lorsque Perrault les fait para\u00eetre sous forme manuscrite en 1695, puis en volume deux ans apr\u00e8s, ces histoires rencontrent un succ\u00e8s imm\u00e9diat qui doit beaucoup \u00e0 la mode que le conte de f\u00e9es conna\u00eet alors dans les salons et \u00e0 la cour. Mais la mode est pass\u00e9e, et cette litt\u00e9rature qu&rsquo;on disait destin\u00e9e aux enfants a ouvert \u00e0 l&rsquo;intemporel la pr\u00e9sence devenue famili\u00e8re de ses personnages que chaque \u00e9poque adopte comme s&rsquo;ils \u00e9taient les siens.<\/p>","protected":false},"excerpt":{"rendered":"<p>\u00a0\u00bb La Belle au bois dormant \u00a0\u00bb ou \u00a0\u00bb La Barbe bleue \u00ab\u00a0, \u00a0\u00bb Le Petit Chaperon rouge\u00a0\u00bb, \u00a0\u00bb Cendrillon \u00a0\u00bb ou \u00a0\u00bb Le Petit Poucet \u00a0\u00bb appartiennent depuis longtemps \u00e0 la tradition folklorique quand Perrault s&rsquo;en empare et les renouvelle. Gr\u00e2ce \u00e0 une parfaite ma\u00eetrise du r\u00e9cit, \u00e0 un savant m\u00e9lange de profondeur et [&hellip;]<\/p>","protected":false},"featured_media":681,"template":"","meta":[],"product_brand":[],"product_cat":[15],"product_tag":[],"class_list":{"0":"post-677","1":"product","2":"type-product","3":"status-publish","4":"has-post-thumbnail","6":"product_cat-autres","8":"first","9":"instock","10":"shipping-taxable","11":"purchasable","12":"product-type-simple","13":"berocket_lgv_grid","14":"berocket_lgv_list_grid"},"jetpack_sharing_enabled":true,"_links":{"self":[{"href":"https:\/\/www.cafouci.fr\/en\/wp-json\/wp\/v2\/product\/677","targetHints":{"allow":["GET"]}}],"collection":[{"href":"https:\/\/www.cafouci.fr\/en\/wp-json\/wp\/v2\/product"}],"about":[{"href":"https:\/\/www.cafouci.fr\/en\/wp-json\/wp\/v2\/types\/product"}],"wp:featuredmedia":[{"embeddable":true,"href":"https:\/\/www.cafouci.fr\/en\/wp-json\/wp\/v2\/media\/681"}],"wp:attachment":[{"href":"https:\/\/www.cafouci.fr\/en\/wp-json\/wp\/v2\/media?parent=677"}],"wp:term":[{"taxonomy":"product_brand","embeddable":true,"href":"https:\/\/www.cafouci.fr\/en\/wp-json\/wp\/v2\/product_brand?post=677"},{"taxonomy":"product_cat","embeddable":true,"href":"https:\/\/www.cafouci.fr\/en\/wp-json\/wp\/v2\/product_cat?post=677"},{"taxonomy":"product_tag","embeddable":true,"href":"https:\/\/www.cafouci.fr\/en\/wp-json\/wp\/v2\/product_tag?post=677"}],"curies":[{"name":"wp","href":"https:\/\/api.w.org\/{rel}","templated":true}]}}