{"id":678,"date":"2025-11-14T01:14:36","date_gmt":"2025-11-13T23:14:36","guid":{"rendered":"https:\/\/www.cafouci.fr\/?post_type=product&#038;p=678"},"modified":"2025-11-14T01:23:09","modified_gmt":"2025-11-13T23:23:09","slug":"le-present-du-passe","status":"publish","type":"product","link":"https:\/\/www.cafouci.fr\/en\/product\/le-present-du-passe\/","title":{"rendered":"Le pr\u00e9sent du pass\u00e9"},"content":{"rendered":"<p>Une introduction \u00e0 la pr\u00e9histoire et une mise en perspective de l&rsquo;histoire de l&rsquo;\u00e9volution, qui montrent comment arch\u00e9ologues et pal\u00e9ontologues sont parvenus \u00e0 jalonner, en quelques dizaines d&rsquo;ann\u00e9es, les routes de la g\u00e9n\u00e9alogie de l&rsquo;homme.<\/p>","protected":false},"excerpt":{"rendered":"<p>Une introduction \u00e0 la pr\u00e9histoire et une mise en perspective de l&rsquo;histoire de l&rsquo;\u00e9volution, qui montrent comment arch\u00e9ologues et pal\u00e9ontologues sont parvenus \u00e0 jalonner, en quelques dizaines d&rsquo;ann\u00e9es, les routes de la g\u00e9n\u00e9alogie de l&rsquo;homme.<\/p>","protected":false},"featured_media":680,"template":"","meta":[],"product_brand":[],"product_cat":[15],"product_tag":[],"class_list":{"0":"post-678","1":"product","2":"type-product","3":"status-publish","4":"has-post-thumbnail","6":"product_cat-autres","8":"first","9":"instock","10":"shipping-taxable","11":"purchasable","12":"product-type-simple","13":"berocket_lgv_grid","14":"berocket_lgv_list_grid"},"jetpack_sharing_enabled":true,"_links":{"self":[{"href":"https:\/\/www.cafouci.fr\/en\/wp-json\/wp\/v2\/product\/678","targetHints":{"allow":["GET"]}}],"collection":[{"href":"https:\/\/www.cafouci.fr\/en\/wp-json\/wp\/v2\/product"}],"about":[{"href":"https:\/\/www.cafouci.fr\/en\/wp-json\/wp\/v2\/types\/product"}],"wp:featuredmedia":[{"embeddable":true,"href":"https:\/\/www.cafouci.fr\/en\/wp-json\/wp\/v2\/media\/680"}],"wp:attachment":[{"href":"https:\/\/www.cafouci.fr\/en\/wp-json\/wp\/v2\/media?parent=678"}],"wp:term":[{"taxonomy":"product_brand","embeddable":true,"href":"https:\/\/www.cafouci.fr\/en\/wp-json\/wp\/v2\/product_brand?post=678"},{"taxonomy":"product_cat","embeddable":true,"href":"https:\/\/www.cafouci.fr\/en\/wp-json\/wp\/v2\/product_cat?post=678"},{"taxonomy":"product_tag","embeddable":true,"href":"https:\/\/www.cafouci.fr\/en\/wp-json\/wp\/v2\/product_tag?post=678"}],"curies":[{"name":"wp","href":"https:\/\/api.w.org\/{rel}","templated":true}]}}