{"id":705,"date":"2025-11-19T10:17:22","date_gmt":"2025-11-19T08:17:22","guid":{"rendered":"https:\/\/www.cafouci.fr\/?post_type=product&#038;p=705"},"modified":"2025-11-19T10:17:22","modified_gmt":"2025-11-19T08:17:22","slug":"mozart","status":"publish","type":"product","link":"https:\/\/www.cafouci.fr\/en\/product\/mozart\/","title":{"rendered":"Mozart"},"content":{"rendered":"","protected":false},"excerpt":{"rendered":"<p><strong>diteur :<\/strong> Michel Lafon<br \/><em>L&rsquo;itin\u00e9raire sentimental et libertin de Mozart des premiers \u00e9mois aux jeux \u00e9rotiques jusqu&rsquo;aux conqu\u00eates.<\/em><\/p>","protected":false},"featured_media":706,"template":"","meta":[],"product_brand":[],"product_cat":[21],"product_tag":[],"class_list":{"0":"post-705","1":"product","2":"type-product","3":"status-publish","4":"has-post-thumbnail","6":"product_cat-histoire","8":"first","9":"instock","10":"shipping-taxable","11":"purchasable","12":"product-type-simple","13":"berocket_lgv_grid","14":"berocket_lgv_list_grid"},"jetpack_sharing_enabled":true,"_links":{"self":[{"href":"https:\/\/www.cafouci.fr\/en\/wp-json\/wp\/v2\/product\/705","targetHints":{"allow":["GET"]}}],"collection":[{"href":"https:\/\/www.cafouci.fr\/en\/wp-json\/wp\/v2\/product"}],"about":[{"href":"https:\/\/www.cafouci.fr\/en\/wp-json\/wp\/v2\/types\/product"}],"wp:featuredmedia":[{"embeddable":true,"href":"https:\/\/www.cafouci.fr\/en\/wp-json\/wp\/v2\/media\/706"}],"wp:attachment":[{"href":"https:\/\/www.cafouci.fr\/en\/wp-json\/wp\/v2\/media?parent=705"}],"wp:term":[{"taxonomy":"product_brand","embeddable":true,"href":"https:\/\/www.cafouci.fr\/en\/wp-json\/wp\/v2\/product_brand?post=705"},{"taxonomy":"product_cat","embeddable":true,"href":"https:\/\/www.cafouci.fr\/en\/wp-json\/wp\/v2\/product_cat?post=705"},{"taxonomy":"product_tag","embeddable":true,"href":"https:\/\/www.cafouci.fr\/en\/wp-json\/wp\/v2\/product_tag?post=705"}],"curies":[{"name":"wp","href":"https:\/\/api.w.org\/{rel}","templated":true}]}}