{"id":861,"date":"2025-11-25T12:28:09","date_gmt":"2025-11-25T10:28:09","guid":{"rendered":"https:\/\/www.cafouci.fr\/?post_type=product&#038;p=861"},"modified":"2025-11-25T12:28:09","modified_gmt":"2025-11-25T10:28:09","slug":"votre-enfant-de-1-a-3-ans","status":"publish","type":"product","link":"https:\/\/www.cafouci.fr\/en\/product\/votre-enfant-de-1-a-3-ans\/","title":{"rendered":"Votre enfant de 1 \u00e0 3 ans"},"content":{"rendered":"","protected":false},"excerpt":{"rendered":"<p><strong>Auteur(s) :<\/strong> Anne Bacus<br \/><strong>\u00c9diteur :<\/strong> Marabout<br \/><strong>Parution :<\/strong> 2017<br \/><em>Dans ce guide pratique, best-seller depuis sa parution aujourd&rsquo;hui mis \u00e0 jour, Anne Bacus r\u00e9pond aux mille et une questions que se posent les jeunes parents, du premier anniversaire jusqu&rsquo;\u00e0 la rentr\u00e9e \u00e0 l&rsquo;\u00e9cole maternelle.Quand le laisser manger seul, se\u2026<\/em><\/p>","protected":false},"featured_media":879,"template":"","meta":[],"product_brand":[],"product_cat":[15],"product_tag":[],"class_list":{"0":"post-861","1":"product","2":"type-product","3":"status-publish","4":"has-post-thumbnail","6":"product_cat-autres","8":"first","9":"instock","10":"shipping-taxable","11":"purchasable","12":"product-type-simple","13":"berocket_lgv_grid","14":"berocket_lgv_list_grid"},"jetpack_sharing_enabled":true,"_links":{"self":[{"href":"https:\/\/www.cafouci.fr\/en\/wp-json\/wp\/v2\/product\/861","targetHints":{"allow":["GET"]}}],"collection":[{"href":"https:\/\/www.cafouci.fr\/en\/wp-json\/wp\/v2\/product"}],"about":[{"href":"https:\/\/www.cafouci.fr\/en\/wp-json\/wp\/v2\/types\/product"}],"wp:featuredmedia":[{"embeddable":true,"href":"https:\/\/www.cafouci.fr\/en\/wp-json\/wp\/v2\/media\/879"}],"wp:attachment":[{"href":"https:\/\/www.cafouci.fr\/en\/wp-json\/wp\/v2\/media?parent=861"}],"wp:term":[{"taxonomy":"product_brand","embeddable":true,"href":"https:\/\/www.cafouci.fr\/en\/wp-json\/wp\/v2\/product_brand?post=861"},{"taxonomy":"product_cat","embeddable":true,"href":"https:\/\/www.cafouci.fr\/en\/wp-json\/wp\/v2\/product_cat?post=861"},{"taxonomy":"product_tag","embeddable":true,"href":"https:\/\/www.cafouci.fr\/en\/wp-json\/wp\/v2\/product_tag?post=861"}],"curies":[{"name":"wp","href":"https:\/\/api.w.org\/{rel}","templated":true}]}}