{"id":882,"date":"2025-11-25T16:05:56","date_gmt":"2025-11-25T14:05:56","guid":{"rendered":"https:\/\/www.cafouci.fr\/?post_type=product&#038;p=882"},"modified":"2025-11-25T16:05:56","modified_gmt":"2025-11-25T14:05:56","slug":"20-minutes-en-cuisine-avec-companion","status":"publish","type":"product","link":"https:\/\/www.cafouci.fr\/en\/product\/20-minutes-en-cuisine-avec-companion\/","title":{"rendered":"20 minutes en cuisine avec Companion"},"content":{"rendered":"","protected":false},"excerpt":{"rendered":"<p><strong>Auteur(s) :<\/strong> Marie-\u00c9lodie Pape, Charlotte Brunet<br \/><strong>\u00c9diteur :<\/strong> Dessain et Tolra<br \/><strong>Parution :<\/strong> 2022<br \/><em>Votre Companion d\u00e9coupe, hache, bat, m\u00e9lange, p\u00e9trit, concasse, cuit \u00e0 la vapeur&#8230; Il va vite vous simplifier la vie et devenir indispensable ! Pourquoi donc ne pas la rendre encore plus facile en r\u00e9alisant de bons petits plats en moins\u2026<\/em><\/p>","protected":false},"featured_media":883,"template":"","meta":[],"product_brand":[],"product_cat":[15],"product_tag":[],"class_list":{"0":"post-882","1":"product","2":"type-product","3":"status-publish","4":"has-post-thumbnail","6":"product_cat-autres","8":"first","9":"instock","10":"shipping-taxable","11":"purchasable","12":"product-type-simple","13":"berocket_lgv_grid","14":"berocket_lgv_list_grid"},"jetpack_sharing_enabled":true,"_links":{"self":[{"href":"https:\/\/www.cafouci.fr\/en\/wp-json\/wp\/v2\/product\/882","targetHints":{"allow":["GET"]}}],"collection":[{"href":"https:\/\/www.cafouci.fr\/en\/wp-json\/wp\/v2\/product"}],"about":[{"href":"https:\/\/www.cafouci.fr\/en\/wp-json\/wp\/v2\/types\/product"}],"wp:featuredmedia":[{"embeddable":true,"href":"https:\/\/www.cafouci.fr\/en\/wp-json\/wp\/v2\/media\/883"}],"wp:attachment":[{"href":"https:\/\/www.cafouci.fr\/en\/wp-json\/wp\/v2\/media?parent=882"}],"wp:term":[{"taxonomy":"product_brand","embeddable":true,"href":"https:\/\/www.cafouci.fr\/en\/wp-json\/wp\/v2\/product_brand?post=882"},{"taxonomy":"product_cat","embeddable":true,"href":"https:\/\/www.cafouci.fr\/en\/wp-json\/wp\/v2\/product_cat?post=882"},{"taxonomy":"product_tag","embeddable":true,"href":"https:\/\/www.cafouci.fr\/en\/wp-json\/wp\/v2\/product_tag?post=882"}],"curies":[{"name":"wp","href":"https:\/\/api.w.org\/{rel}","templated":true}]}}