{"id":884,"date":"2025-11-25T16:07:29","date_gmt":"2025-11-25T14:07:29","guid":{"rendered":"https:\/\/www.cafouci.fr\/?post_type=product&#038;p=884"},"modified":"2025-11-25T16:07:50","modified_gmt":"2025-11-25T14:07:50","slug":"1984-roman-graphique","status":"publish","type":"product","link":"https:\/\/www.cafouci.fr\/en\/product\/1984-roman-graphique\/","title":{"rendered":"1984 \u2014 roman graphique"},"content":{"rendered":"","protected":false},"excerpt":{"rendered":"<p><strong>Auteur(s) :<\/strong> George Orwell, Fido Nesti<br \/><strong>\u00c9diteur :<\/strong> Grasset<br \/><strong>Parution :<\/strong> 2020<br \/><em>1984, le chef-d\u2019\u0153uvre de George Orwell, fait partie des plus grands textes du xx\u00e8me si\u00e8cle. Les lecteurs de tous \u00e2ges connaissent Big Brother et Winston Smith, car plus qu\u2019un roman politique et dystopique, 1984 a nourri notre imaginaire sans jamais\u2026<\/em><\/p>","protected":false},"featured_media":885,"template":"","meta":[],"product_brand":[],"product_cat":[18],"product_tag":[],"class_list":{"0":"post-884","1":"product","2":"type-product","3":"status-publish","4":"has-post-thumbnail","6":"product_cat-romans","8":"first","9":"instock","10":"shipping-taxable","11":"purchasable","12":"product-type-simple","13":"berocket_lgv_grid","14":"berocket_lgv_list_grid"},"jetpack_sharing_enabled":true,"_links":{"self":[{"href":"https:\/\/www.cafouci.fr\/en\/wp-json\/wp\/v2\/product\/884","targetHints":{"allow":["GET"]}}],"collection":[{"href":"https:\/\/www.cafouci.fr\/en\/wp-json\/wp\/v2\/product"}],"about":[{"href":"https:\/\/www.cafouci.fr\/en\/wp-json\/wp\/v2\/types\/product"}],"wp:featuredmedia":[{"embeddable":true,"href":"https:\/\/www.cafouci.fr\/en\/wp-json\/wp\/v2\/media\/885"}],"wp:attachment":[{"href":"https:\/\/www.cafouci.fr\/en\/wp-json\/wp\/v2\/media?parent=884"}],"wp:term":[{"taxonomy":"product_brand","embeddable":true,"href":"https:\/\/www.cafouci.fr\/en\/wp-json\/wp\/v2\/product_brand?post=884"},{"taxonomy":"product_cat","embeddable":true,"href":"https:\/\/www.cafouci.fr\/en\/wp-json\/wp\/v2\/product_cat?post=884"},{"taxonomy":"product_tag","embeddable":true,"href":"https:\/\/www.cafouci.fr\/en\/wp-json\/wp\/v2\/product_tag?post=884"}],"curies":[{"name":"wp","href":"https:\/\/api.w.org\/{rel}","templated":true}]}}