{"id":896,"date":"2025-11-25T17:03:56","date_gmt":"2025-11-25T15:03:56","guid":{"rendered":"https:\/\/www.cafouci.fr\/?post_type=product&#038;p=896"},"modified":"2025-11-25T17:03:56","modified_gmt":"2025-11-25T15:03:56","slug":"lenfant-du-parc","status":"publish","type":"product","link":"https:\/\/www.cafouci.fr\/en\/product\/lenfant-du-parc\/","title":{"rendered":"L&rsquo;enfant du parc"},"content":{"rendered":"","protected":false},"excerpt":{"rendered":"<p><strong>Auteur(s) :<\/strong> Philippe Routier<br \/><strong>\u00c9diteur :<\/strong> Stock<br \/><strong>Parution :<\/strong> 2014<br \/><em>Juliette, une jeune femme en mal d\u2019enfant, rencontre un petit gar\u00e7on, Thomas, abandonn\u00e9 dans un jardin public. Il ignore qu\u2019il vient de perdre tragiquement ses parents. Lui cachant la v\u00e9rit\u00e9, elle d\u00e9cide de le garder aupr\u00e8s d\u2019elle, hors d\u2019atteinte des\u2026<\/em><\/p>","protected":false},"featured_media":897,"template":"","meta":[],"product_brand":[],"product_cat":[18],"product_tag":[],"class_list":{"0":"post-896","1":"product","2":"type-product","3":"status-publish","4":"has-post-thumbnail","6":"product_cat-romans","8":"first","9":"instock","10":"shipping-taxable","11":"purchasable","12":"product-type-simple","13":"berocket_lgv_grid","14":"berocket_lgv_list_grid"},"jetpack_sharing_enabled":true,"_links":{"self":[{"href":"https:\/\/www.cafouci.fr\/en\/wp-json\/wp\/v2\/product\/896","targetHints":{"allow":["GET"]}}],"collection":[{"href":"https:\/\/www.cafouci.fr\/en\/wp-json\/wp\/v2\/product"}],"about":[{"href":"https:\/\/www.cafouci.fr\/en\/wp-json\/wp\/v2\/types\/product"}],"wp:featuredmedia":[{"embeddable":true,"href":"https:\/\/www.cafouci.fr\/en\/wp-json\/wp\/v2\/media\/897"}],"wp:attachment":[{"href":"https:\/\/www.cafouci.fr\/en\/wp-json\/wp\/v2\/media?parent=896"}],"wp:term":[{"taxonomy":"product_brand","embeddable":true,"href":"https:\/\/www.cafouci.fr\/en\/wp-json\/wp\/v2\/product_brand?post=896"},{"taxonomy":"product_cat","embeddable":true,"href":"https:\/\/www.cafouci.fr\/en\/wp-json\/wp\/v2\/product_cat?post=896"},{"taxonomy":"product_tag","embeddable":true,"href":"https:\/\/www.cafouci.fr\/en\/wp-json\/wp\/v2\/product_tag?post=896"}],"curies":[{"name":"wp","href":"https:\/\/api.w.org\/{rel}","templated":true}]}}