{"id":901,"date":"2025-11-25T20:12:16","date_gmt":"2025-11-25T18:12:16","guid":{"rendered":"https:\/\/www.cafouci.fr\/?post_type=product&#038;p=901"},"modified":"2025-11-25T20:12:16","modified_gmt":"2025-11-25T18:12:16","slug":"twelve-demon-kings-t03","status":"publish","type":"product","link":"https:\/\/www.cafouci.fr\/en\/product\/twelve-demon-kings-t03\/","title":{"rendered":"Twelve Demon Kings T03"},"content":{"rendered":"","protected":false},"excerpt":{"rendered":"<p><strong>Auteur(s) :<\/strong> Shin Yamamoto<br \/><strong>\u00c9diteur :<\/strong> Pika<br \/><strong>Parution :<\/strong> 2019<br \/><em>Adu, Yung et Yomi ont fui la capitale simultan\u00e9ment assi\u00e9g\u00e9e par deux rois-d\u00e9mons. Ces derniers envoient leurs sbires \u00e0 la recherche du tra\u00eetre qui a d\u00e9truit Sapiuenne, le 9e roi-d\u00e9mon, et se servent m\u00eame des humains pour arriver \u00e0 leurs\u2026<\/em><\/p>","protected":false},"featured_media":902,"template":"","meta":[],"product_brand":[],"product_cat":[15],"product_tag":[],"class_list":{"0":"post-901","1":"product","2":"type-product","3":"status-publish","4":"has-post-thumbnail","6":"product_cat-autres","8":"first","9":"instock","10":"shipping-taxable","11":"purchasable","12":"product-type-simple","13":"berocket_lgv_grid","14":"berocket_lgv_list_grid"},"jetpack_sharing_enabled":true,"_links":{"self":[{"href":"https:\/\/www.cafouci.fr\/en\/wp-json\/wp\/v2\/product\/901","targetHints":{"allow":["GET"]}}],"collection":[{"href":"https:\/\/www.cafouci.fr\/en\/wp-json\/wp\/v2\/product"}],"about":[{"href":"https:\/\/www.cafouci.fr\/en\/wp-json\/wp\/v2\/types\/product"}],"wp:featuredmedia":[{"embeddable":true,"href":"https:\/\/www.cafouci.fr\/en\/wp-json\/wp\/v2\/media\/902"}],"wp:attachment":[{"href":"https:\/\/www.cafouci.fr\/en\/wp-json\/wp\/v2\/media?parent=901"}],"wp:term":[{"taxonomy":"product_brand","embeddable":true,"href":"https:\/\/www.cafouci.fr\/en\/wp-json\/wp\/v2\/product_brand?post=901"},{"taxonomy":"product_cat","embeddable":true,"href":"https:\/\/www.cafouci.fr\/en\/wp-json\/wp\/v2\/product_cat?post=901"},{"taxonomy":"product_tag","embeddable":true,"href":"https:\/\/www.cafouci.fr\/en\/wp-json\/wp\/v2\/product_tag?post=901"}],"curies":[{"name":"wp","href":"https:\/\/api.w.org\/{rel}","templated":true}]}}