{"id":904,"date":"2025-11-25T20:52:15","date_gmt":"2025-11-25T18:52:15","guid":{"rendered":"https:\/\/www.cafouci.fr\/?post_type=product&#038;p=904"},"modified":"2025-11-25T20:52:15","modified_gmt":"2025-11-25T18:52:15","slug":"le-coup-de-filet","status":"publish","type":"product","link":"https:\/\/www.cafouci.fr\/en\/product\/le-coup-de-filet\/","title":{"rendered":"Le Coup de filet"},"content":{"rendered":"","protected":false},"excerpt":{"rendered":"<p><strong>Auteur(s) :<\/strong> Andrea Camilleri<br \/><strong>\u00c9diteur :<\/strong> Fayard<br \/><strong>Parution :<\/strong> 2012<br \/><em>Roman traduit de l&rsquo;italien par : Dominique Vittoz Palerme, de nos jours. Le personnage central, Michele Caruso, est directeur du journal t\u00e9l\u00e9vis\u00e9 d&rsquo;une cha\u00eene publique. Un scoop vient de tomber : Manlio Caputo, fils d&rsquo;un d\u00e9put\u00e9 en vue du parti\u2026<\/em><\/p>","protected":false},"featured_media":906,"template":"","meta":[],"product_brand":[],"product_cat":[18],"product_tag":[],"class_list":{"0":"post-904","1":"product","2":"type-product","3":"status-publish","4":"has-post-thumbnail","6":"product_cat-romans","8":"first","9":"instock","10":"shipping-taxable","11":"purchasable","12":"product-type-simple","13":"berocket_lgv_grid","14":"berocket_lgv_list_grid"},"jetpack_sharing_enabled":true,"_links":{"self":[{"href":"https:\/\/www.cafouci.fr\/en\/wp-json\/wp\/v2\/product\/904","targetHints":{"allow":["GET"]}}],"collection":[{"href":"https:\/\/www.cafouci.fr\/en\/wp-json\/wp\/v2\/product"}],"about":[{"href":"https:\/\/www.cafouci.fr\/en\/wp-json\/wp\/v2\/types\/product"}],"wp:featuredmedia":[{"embeddable":true,"href":"https:\/\/www.cafouci.fr\/en\/wp-json\/wp\/v2\/media\/906"}],"wp:attachment":[{"href":"https:\/\/www.cafouci.fr\/en\/wp-json\/wp\/v2\/media?parent=904"}],"wp:term":[{"taxonomy":"product_brand","embeddable":true,"href":"https:\/\/www.cafouci.fr\/en\/wp-json\/wp\/v2\/product_brand?post=904"},{"taxonomy":"product_cat","embeddable":true,"href":"https:\/\/www.cafouci.fr\/en\/wp-json\/wp\/v2\/product_cat?post=904"},{"taxonomy":"product_tag","embeddable":true,"href":"https:\/\/www.cafouci.fr\/en\/wp-json\/wp\/v2\/product_tag?post=904"}],"curies":[{"name":"wp","href":"https:\/\/api.w.org\/{rel}","templated":true}]}}