{"id":905,"date":"2025-11-25T20:52:19","date_gmt":"2025-11-25T18:52:19","guid":{"rendered":"https:\/\/www.cafouci.fr\/?post_type=product&#038;p=905"},"modified":"2025-11-25T20:52:19","modified_gmt":"2025-11-25T18:52:19","slug":"le-corps","status":"publish","type":"product","link":"https:\/\/www.cafouci.fr\/en\/product\/le-corps\/","title":{"rendered":"Le Corps"},"content":{"rendered":"","protected":false},"excerpt":{"rendered":"<p><strong>Auteur(s) :<\/strong> Stephen King<br \/><strong>\u00c9diteur :<\/strong> ALBIN MICHEL<br \/><strong>Parution :<\/strong> 2019<br \/><em>J\u2019allais sur mes treize ans quand j\u2019ai vu un mort pour la premi\u00e8re fois. Parfois, il me semble que ce n\u2019est pas si lointain. Surtout les nuits o\u00f9 je me r\u00e9veille de ce r\u00eave o\u00f9 la gr\u00eale tombe dans ses\u2026<\/em><\/p>","protected":false},"featured_media":907,"template":"","meta":[],"product_brand":[],"product_cat":[18],"product_tag":[],"class_list":{"0":"post-905","1":"product","2":"type-product","3":"status-publish","4":"has-post-thumbnail","6":"product_cat-romans","8":"first","9":"instock","10":"shipping-taxable","11":"purchasable","12":"product-type-simple","13":"berocket_lgv_grid","14":"berocket_lgv_list_grid"},"jetpack_sharing_enabled":true,"_links":{"self":[{"href":"https:\/\/www.cafouci.fr\/en\/wp-json\/wp\/v2\/product\/905","targetHints":{"allow":["GET"]}}],"collection":[{"href":"https:\/\/www.cafouci.fr\/en\/wp-json\/wp\/v2\/product"}],"about":[{"href":"https:\/\/www.cafouci.fr\/en\/wp-json\/wp\/v2\/types\/product"}],"wp:featuredmedia":[{"embeddable":true,"href":"https:\/\/www.cafouci.fr\/en\/wp-json\/wp\/v2\/media\/907"}],"wp:attachment":[{"href":"https:\/\/www.cafouci.fr\/en\/wp-json\/wp\/v2\/media?parent=905"}],"wp:term":[{"taxonomy":"product_brand","embeddable":true,"href":"https:\/\/www.cafouci.fr\/en\/wp-json\/wp\/v2\/product_brand?post=905"},{"taxonomy":"product_cat","embeddable":true,"href":"https:\/\/www.cafouci.fr\/en\/wp-json\/wp\/v2\/product_cat?post=905"},{"taxonomy":"product_tag","embeddable":true,"href":"https:\/\/www.cafouci.fr\/en\/wp-json\/wp\/v2\/product_tag?post=905"}],"curies":[{"name":"wp","href":"https:\/\/api.w.org\/{rel}","templated":true}]}}