{"id":912,"date":"2025-11-25T22:16:14","date_gmt":"2025-11-25T20:16:14","guid":{"rendered":"https:\/\/www.cafouci.fr\/?post_type=product&#038;p=912"},"modified":"2025-11-25T22:16:14","modified_gmt":"2025-11-25T20:16:14","slug":"le-crepuscule-des-vieux-les-chroniques-de-tahiti-pacifique-2017","status":"publish","type":"product","link":"https:\/\/www.cafouci.fr\/en\/product\/le-crepuscule-des-vieux-les-chroniques-de-tahiti-pacifique-2017\/","title":{"rendered":"Le Cr\u00e9puscule des vieux \u2014 Les chroniques de Tahiti Pacifique 2017"},"content":{"rendered":"","protected":false},"excerpt":{"rendered":"<p><strong>Auteur(s) :<\/strong> Boris Alexandre Spasov<br \/><strong>\u00c9diteur :<\/strong> Arcalis<br \/><strong>Parution :<\/strong> 2018<br \/><em>Des articles instructifs et passionn\u00e9s sur la Polyn\u00e9sie fran\u00e7aise, r\u00e9unis en un seul ouvrage.Boris-Alexandre Spasov se d\u00e9finit comme un humaniste, ce que ses articles tendent \u00e0 prouver. Son paradigme, il nous le fait vivre et d\u00e9couvrir dans les \u00e9crits qu\u2019il\u2026<\/em><\/p>","protected":false},"featured_media":913,"template":"","meta":[],"product_brand":[],"product_cat":[15],"product_tag":[],"class_list":{"0":"post-912","1":"product","2":"type-product","3":"status-publish","4":"has-post-thumbnail","6":"product_cat-autres","8":"first","9":"instock","10":"shipping-taxable","11":"purchasable","12":"product-type-simple","13":"berocket_lgv_grid","14":"berocket_lgv_list_grid"},"jetpack_sharing_enabled":true,"_links":{"self":[{"href":"https:\/\/www.cafouci.fr\/en\/wp-json\/wp\/v2\/product\/912","targetHints":{"allow":["GET"]}}],"collection":[{"href":"https:\/\/www.cafouci.fr\/en\/wp-json\/wp\/v2\/product"}],"about":[{"href":"https:\/\/www.cafouci.fr\/en\/wp-json\/wp\/v2\/types\/product"}],"wp:featuredmedia":[{"embeddable":true,"href":"https:\/\/www.cafouci.fr\/en\/wp-json\/wp\/v2\/media\/913"}],"wp:attachment":[{"href":"https:\/\/www.cafouci.fr\/en\/wp-json\/wp\/v2\/media?parent=912"}],"wp:term":[{"taxonomy":"product_brand","embeddable":true,"href":"https:\/\/www.cafouci.fr\/en\/wp-json\/wp\/v2\/product_brand?post=912"},{"taxonomy":"product_cat","embeddable":true,"href":"https:\/\/www.cafouci.fr\/en\/wp-json\/wp\/v2\/product_cat?post=912"},{"taxonomy":"product_tag","embeddable":true,"href":"https:\/\/www.cafouci.fr\/en\/wp-json\/wp\/v2\/product_tag?post=912"}],"curies":[{"name":"wp","href":"https:\/\/api.w.org\/{rel}","templated":true}]}}