{"id":914,"date":"2025-11-25T22:36:38","date_gmt":"2025-11-25T20:36:38","guid":{"rendered":"https:\/\/www.cafouci.fr\/?post_type=product&#038;p=914"},"modified":"2025-11-25T22:36:38","modified_gmt":"2025-11-25T20:36:38","slug":"la-fille-pas-sympa-la-vie-chaotique-et-turbulente-dune-jeune-autiste-asperger","status":"publish","type":"product","link":"https:\/\/www.cafouci.fr\/en\/product\/la-fille-pas-sympa-la-vie-chaotique-et-turbulente-dune-jeune-autiste-asperger\/","title":{"rendered":"La fille pas sympa \u2014 La vie chaotique et turbulente d&rsquo;une jeune autiste Asperger"},"content":{"rendered":"","protected":false},"excerpt":{"rendered":"<p><strong>Auteur(s) :<\/strong> Julia March<br \/><strong>\u00c9diteur :<\/strong> Primento Digital sprl<br \/><strong>Parution :<\/strong> 2017<br \/><em>Pas facile de vivre en soci\u00e9t\u00e9 quand on est diff\u00e9rent&#8230;Imagine : autour de toi, des personnes qui parlent dans une autre langue que la tienne depuis ta naissance, qui se comprennent et plaisantent entre elles. Tu es l\u00e0, tu les\u2026<\/em><\/p>","protected":false},"featured_media":915,"template":"","meta":[],"product_brand":[],"product_cat":[18],"product_tag":[],"class_list":{"0":"post-914","1":"product","2":"type-product","3":"status-publish","4":"has-post-thumbnail","6":"product_cat-romans","8":"first","9":"instock","10":"shipping-taxable","11":"purchasable","12":"product-type-simple","13":"berocket_lgv_grid","14":"berocket_lgv_list_grid"},"jetpack_sharing_enabled":true,"_links":{"self":[{"href":"https:\/\/www.cafouci.fr\/en\/wp-json\/wp\/v2\/product\/914","targetHints":{"allow":["GET"]}}],"collection":[{"href":"https:\/\/www.cafouci.fr\/en\/wp-json\/wp\/v2\/product"}],"about":[{"href":"https:\/\/www.cafouci.fr\/en\/wp-json\/wp\/v2\/types\/product"}],"wp:featuredmedia":[{"embeddable":true,"href":"https:\/\/www.cafouci.fr\/en\/wp-json\/wp\/v2\/media\/915"}],"wp:attachment":[{"href":"https:\/\/www.cafouci.fr\/en\/wp-json\/wp\/v2\/media?parent=914"}],"wp:term":[{"taxonomy":"product_brand","embeddable":true,"href":"https:\/\/www.cafouci.fr\/en\/wp-json\/wp\/v2\/product_brand?post=914"},{"taxonomy":"product_cat","embeddable":true,"href":"https:\/\/www.cafouci.fr\/en\/wp-json\/wp\/v2\/product_cat?post=914"},{"taxonomy":"product_tag","embeddable":true,"href":"https:\/\/www.cafouci.fr\/en\/wp-json\/wp\/v2\/product_tag?post=914"}],"curies":[{"name":"wp","href":"https:\/\/api.w.org\/{rel}","templated":true}]}}