{"id":918,"date":"2025-11-25T22:39:37","date_gmt":"2025-11-25T20:39:37","guid":{"rendered":"https:\/\/www.cafouci.fr\/?post_type=product&#038;p=918"},"modified":"2025-11-25T22:39:37","modified_gmt":"2025-11-25T20:39:37","slug":"la-folle-histoire-du-systeme-solaire","status":"publish","type":"product","link":"https:\/\/www.cafouci.fr\/en\/product\/la-folle-histoire-du-systeme-solaire\/","title":{"rendered":"La folle histoire du syst\u00e8me solaire"},"content":{"rendered":"","protected":false},"excerpt":{"rendered":"<p><strong>Auteur(s) :<\/strong> Florence Porcel<br \/><strong>\u00c9diteur :<\/strong> Dunod<br \/><strong>Parution :<\/strong> 2017<br \/><em>Apr\u00e8s avoir d\u00e9class\u00e9 Pluton, avons-nous d\u00e9couvert une neuvi\u00e8me plan\u00e8te dans notre Syst\u00e8me solaire ? Pourquoi Mars est-elle aussi petite ? Quel formidable bestiaire d\u2019objets cosmiques se trouve au-del\u00e0 de l\u2019orbite de Neptune ? O\u00f9 la vie extraterrestre pourrait-elle bien se\u2026<\/em><\/p>","protected":false},"featured_media":919,"template":"","meta":[],"product_brand":[],"product_cat":[20],"product_tag":[],"class_list":{"0":"post-918","1":"product","2":"type-product","3":"status-publish","4":"has-post-thumbnail","6":"product_cat-sciences","8":"first","9":"instock","10":"shipping-taxable","11":"purchasable","12":"product-type-simple","13":"berocket_lgv_grid","14":"berocket_lgv_list_grid"},"jetpack_sharing_enabled":true,"_links":{"self":[{"href":"https:\/\/www.cafouci.fr\/en\/wp-json\/wp\/v2\/product\/918","targetHints":{"allow":["GET"]}}],"collection":[{"href":"https:\/\/www.cafouci.fr\/en\/wp-json\/wp\/v2\/product"}],"about":[{"href":"https:\/\/www.cafouci.fr\/en\/wp-json\/wp\/v2\/types\/product"}],"wp:featuredmedia":[{"embeddable":true,"href":"https:\/\/www.cafouci.fr\/en\/wp-json\/wp\/v2\/media\/919"}],"wp:attachment":[{"href":"https:\/\/www.cafouci.fr\/en\/wp-json\/wp\/v2\/media?parent=918"}],"wp:term":[{"taxonomy":"product_brand","embeddable":true,"href":"https:\/\/www.cafouci.fr\/en\/wp-json\/wp\/v2\/product_brand?post=918"},{"taxonomy":"product_cat","embeddable":true,"href":"https:\/\/www.cafouci.fr\/en\/wp-json\/wp\/v2\/product_cat?post=918"},{"taxonomy":"product_tag","embeddable":true,"href":"https:\/\/www.cafouci.fr\/en\/wp-json\/wp\/v2\/product_tag?post=918"}],"curies":[{"name":"wp","href":"https:\/\/api.w.org\/{rel}","templated":true}]}}